{"id":15386,"date":"2022-05-17T14:55:25","date_gmt":"2022-05-17T11:55:25","guid":{"rendered":"https:\/\/www.unicaf.org\/?page_id=15386"},"modified":"2022-05-19T09:38:40","modified_gmt":"2022-05-19T06:38:40","slug":"universite-unicaf-partner","status":"publish","type":"page","link":"https:\/\/www.unicaf.org\/fr\/universite-unicaf-partner\/","title":{"rendered":"Universit\u00e9 Unicaf"},"content":{"rendered":"<div class=\"container\" id=\"title-subtitle-content\">\n    <h1 class=\"bold\"><\/h1>\n    <p class=\"subtitle semi-bold\"> <\/p>\n    <div class=\"wysiwyg-editor-body\">\n        <p><strong>L\u2019Universit\u00e9 Unicaf est une universit\u00e9 pan-africaine, ind\u00e9pendante et internationalement reconnue, qui combine les meilleurs \u00e9l\u00e9ments de l\u2019apprentissage en ligne en offrant des qualifications acad\u00e9miques de qualit\u00e9 sup\u00e9rieure.<\/strong><strong>\u00a0<\/strong><\/p>\n<p>L\u2019Universit\u00e9 Unicaf vise l\u2019excellence dans l\u2019enseignement et la r\u00e9ussite des \u00e9tudiants tout en assurant un haut taux de satisfaction dans un environnement en ligne dynamique. L\u2019Universit\u00e9 Unicaf s\u2019engage \u00e0 \u00e9tablir des standards \u00e9lev\u00e9s en mati\u00e8re d\u2019enseignement sup\u00e9rieur tout en travaillant avec les parties prenantes concern\u00e9es pour faire \u00e9voluer l\u2019apprentissage en ligne. L\u2019Universit\u00e9 Unicaf vise \u00e0 devenir la principale institution tertiaire d\u2019Afrique, reconnue pour son exceptionnelle contribution \u00e0 l\u2019enseignement, \u00e0 l\u2019apprentissage et \u00e0 la recherche.<\/p>\n<p>L\u2019universit\u00e9 Unicaf propose des licences, des masters et des doctorats dans un large \u00e9ventail de programmes. Les \u00e9tudiants ont la possibilit\u00e9 d\u2019obtenir des qualifications de haute qualit\u00e9 \u00e0 un faible co\u00fbt gr\u00e2ce \u00e0 une offre exclusivement en ligne ou avec la possibilit\u00e9 d\u2019\u00e9tudier sur le campus. L\u2019universit\u00e9 combine des tutoriels compl\u00e9mentaires traditionnels en face \u00e0 face avec l\u2019utilisation active d\u2019outils num\u00e9riques par le biais d\u2019une approche novatrice d\u2019apprentissage en alternance.<\/p>\n<p><span lang=\"en-CY\">L\u2019Universit\u00e9 Unicaf est fi\u00e8re d\u2019\u00eatre membre de l\u2019impact acad\u00e9mique des Nations Unies (United Nations Academic Impact-UNAI), de l\u2019Association r\u00e9gionale des universit\u00e9s d\u2019Afrique australe (Southern African Regional Universities Association-SARUA) en Zambie et au Malawi et de l\u2019Advance HE.<\/span><span lang=\"en-CY\">\u00a0<\/span><span lang=\"EN-US\">L\u2019universit\u00e9 est membre \u00e0 part enti\u00e8re de l\u2019Association des universit\u00e9s du Commonwealth (Association of Commonwealth Universities-ACU), le plus ancien r\u00e9seau universitaire international du monde, cr\u00e9\u00e9 en 1913 au Royaume-Uni. L\u2019association offre des possibilit\u00e9s de collaboration et de coop\u00e9ration entre les membres pour d\u00e9velopper et partager les bonnes pratiques en mati\u00e8re d\u2019enseignement sup\u00e9rieur international.<\/span><\/p>\n\n    <\/div>\n    <\/div>\n\n\n<div class=\"container-fluid px-0 \">\n    <div class=\"two-col-img-vid container\">\n        <div class=\"row two-col-img-vid-row\">\n                            <div class=\"col-md-12 col-lg-6 img-left-col  position-relative lozad\"\n                    data-background-image=\"https:\/\/cdn.unicaf.org\/websites\/unicaf\/wp-content\/uploads\/2021\/12\/Zambia-Graduation-2021-2-1024x683.jpg\">\n                                            <a href=\"https:\/\/www.youtube.com\/watch?v=kiw32vLiggY\" data-video-id=\"kiw32vLiggY\" class=\"rounded-circle position-absolute play-btn\"\n    onclick=\"event.preventDefault();return play_video_in_modal(this);\"><i class=\"fas fa-play\"><\/i><\/a>\n                                                                <div class=\"divider divider-side right d-none d-md-block \"><\/div>\n                                    <\/div>\n                        <div class=\"col-md-12 col-lg-6 two-col-img-vid-content py-5 px-md-5 \">\n                <h2 class=\"bold mb-4 \">Bourses d&#8217;\u00e9tudes<\/h2>\n                                    <div class=\"mb-4  subtitle semi-bold\">\n                        <p>Obtenez une g\u00e9n\u00e9reuse bourse d\u2019\u00e9tudes pour une universit\u00e9 reconnue internationalement de votre choix. \u00c9conomisez du temps et de l\u2019argent en \u00e9vitant de vous d\u00e9placer ou de faire la navette jusqu\u2019au campus pour assister aux cours. Vous pouvez \u00e9tudier de n\u2019importe o\u00f9 dans le monde sans mettre votre carri\u00e8re et votre vie en suspens.<\/p>\n\n                    <\/div>\n                                            <a href=\"https:\/\/www.unicaf.org\/fr\/scholarships\/\" class=\"pink-btn-arrow text-uppercase\">\n                            <div>\n                                <span class=\"icon-container\"><i class=\"fas fa-chevron-right\"><\/i><\/span>\n                                <span class=\"text-container\">EN SAVOIR PLUS<\/span>\n                            <\/div>\n                        <\/a>\n                                                <\/div>\n                    <\/div>\n    <\/div>\n<\/div>\n\n\n\n<div class=\"wp-block-group container pt-5 is-layout-flow wp-block-group-is-layout-flow\"><div class=\"wp-block-group__inner-container\"><\/div><\/div>\n\n\n<div class=\"container pb-5\">\n    <h2 class=\"bold\">Programmes offerts<\/h2>\n    <div class=\"row\">\n                        <div class=\"col-sm-12 col-md-4 py-5 programm-finder-list\">\n    <a href=\"https:\/\/www.unicafuniversity.ac.zm\/programmes\/bachelor-of-medicine-and-bachelor-of-surgery-mb-chb\/\" target=\"_blank\">\n        <div class=\"mt-4\">\n            <span class=\"badge badge-custom l-green-bg p2-size green-txt bold text-uppercase\">MB ChB<\/span>\n            <h3 class=\"mt-3 bold black-txt\">Bachelor of Medicine and Bachelor of Surgery (MB ChB) <i class=\"fas fa-chevron-right arrow-pink-brd\"><\/i><\/h3>\n                                                    <p class=\"p2-size black-txt\"><span class=\"bold\">&#8211; <\/span> Unicaf University in Zambia<\/p>\n        <\/div>\n    <\/a>\n<\/div>                        <div class=\"col-sm-12 col-md-4 py-5 programm-finder-list\">\n    <a href=\"https:\/\/www.unicafuniversity.ac.mw\/programmes\/master-of-public-health-mph\/?utm_source=unicaf-website-uumw&#038;utm_medium=link&#038;utm_campaign=unicaf-website-uumw-link-partners-page-university-partner-programme-master-of-public-health\" target=\"_blank\">\n        <div class=\"mt-4\">\n            <span class=\"badge badge-custom l-green-bg p2-size green-txt bold text-uppercase\">MPH<\/span>\n            <h3 class=\"mt-3 bold black-txt\">Master of Public Health (MPH) <i class=\"fas fa-chevron-right arrow-pink-brd\"><\/i><\/h3>\n                                                    <p class=\"p2-size black-txt\"><span class=\"bold\">&#8211; <\/span> Unicaf University in Malawi<\/p>\n        <\/div>\n    <\/a>\n<\/div>                        <div class=\"col-sm-12 col-md-4 py-5 programm-finder-list\">\n    <a href=\"https:\/\/unicaf.uos.ac.uk\/programmes\/300\/ba-(hons)-business-management?utm_source=unicaf-website-uos&amp;utm_medium=link&amp;utm_campaign=unicaf-website-uos-link-partners-page-university-partner-programme-ba-hons-business-management\" target=\"_blank\">\n        <div class=\"mt-4\">\n            <span class=\"badge badge-custom l-green-bg p2-size green-txt bold text-uppercase\">BA<\/span>\n            <h3 class=\"mt-3 bold black-txt\">BA (Hons) Business Management (with Foundation Year) <i class=\"fas fa-chevron-right arrow-pink-brd\"><\/i><\/h3>\n                                                    <p class=\"p2-size black-txt\"><span class=\"bold\">&#8211; <\/span> University of Suffolk<\/p>\n        <\/div>\n    <\/a>\n<\/div>            <\/div>\n    <\/div>\n\n\n\n<p><\/p>\n","protected":false},"excerpt":{"rendered":"","protected":false},"author":5,"featured_media":15387,"parent":0,"menu_order":75,"comment_status":"closed","ping_status":"closed","template":"page-with-header-and-form.php","meta":{"_acf_changed":false,"footnotes":""},"class_list":["post-15386","page","type-page","status-publish","has-post-thumbnail","hentry"],"acf":[],"yoast_head":"<!-- This site is optimized with the Yoast SEO Premium plugin v26.7 (Yoast SEO v26.7) - https:\/\/yoast.com\/wordpress\/plugins\/seo\/ -->\n<title>Universit\u00e9 Unicaf - Unicaf - Scholarship Programme<\/title>\n<meta name=\"robots\" content=\"index, follow, max-snippet:-1, max-image-preview:large, max-video-preview:-1\" \/>\n<link rel=\"canonical\" href=\"https:\/\/www.unicaf.org\/fr\/universite-unicaf-partner\/\" \/>\n<meta property=\"og:locale\" content=\"fr_FR\" \/>\n<meta property=\"og:type\" content=\"article\" \/>\n<meta property=\"og:title\" content=\"Universit\u00e9 Unicaf\" \/>\n<meta property=\"og:url\" content=\"https:\/\/www.unicaf.org\/fr\/universite-unicaf-partner\/\" \/>\n<meta property=\"og:site_name\" content=\"Unicaf - Scholarship Programme\" \/>\n<meta property=\"article:publisher\" content=\"https:\/\/www.facebook.com\/UNICAF\" \/>\n<meta property=\"article:modified_time\" content=\"2022-05-19T06:38:40+00:00\" \/>\n<meta property=\"og:image\" content=\"https:\/\/cdn.unicaf.org\/websites\/unicaf\/wp-content\/uploads\/2022\/05\/happy-ass-black-people1.jpg\" \/>\n\t<meta property=\"og:image:width\" content=\"628\" \/>\n\t<meta property=\"og:image:height\" content=\"353\" \/>\n\t<meta property=\"og:image:type\" content=\"image\/jpeg\" \/>\n<meta name=\"twitter:card\" content=\"summary_large_image\" \/>\n<meta name=\"twitter:site\" content=\"@Unicaforg\" \/>\n<script type=\"application\/ld+json\" class=\"yoast-schema-graph\">{\"@context\":\"https:\/\/schema.org\",\"@graph\":[{\"@type\":\"WebPage\",\"@id\":\"https:\/\/www.unicaf.org\/fr\/universite-unicaf-partner\/\",\"url\":\"https:\/\/www.unicaf.org\/fr\/universite-unicaf-partner\/\",\"name\":\"Universit\u00e9 Unicaf - Unicaf - Scholarship Programme\",\"isPartOf\":{\"@id\":\"https:\/\/www.unicaf.org\/#website\"},\"primaryImageOfPage\":{\"@id\":\"https:\/\/www.unicaf.org\/fr\/universite-unicaf-partner\/#primaryimage\"},\"image\":{\"@id\":\"https:\/\/www.unicaf.org\/fr\/universite-unicaf-partner\/#primaryimage\"},\"thumbnailUrl\":\"https:\/\/cdn.unicaf.org\/websites\/unicaf\/wp-content\/uploads\/2022\/05\/happy-ass-black-people1.jpg\",\"datePublished\":\"2022-05-17T11:55:25+00:00\",\"dateModified\":\"2022-05-19T06:38:40+00:00\",\"inLanguage\":\"fr-FR\",\"potentialAction\":[{\"@type\":\"ReadAction\",\"target\":[\"https:\/\/www.unicaf.org\/fr\/universite-unicaf-partner\/\"]}]},{\"@type\":\"ImageObject\",\"inLanguage\":\"fr-FR\",\"@id\":\"https:\/\/www.unicaf.org\/fr\/universite-unicaf-partner\/#primaryimage\",\"url\":\"https:\/\/cdn.unicaf.org\/websites\/unicaf\/wp-content\/uploads\/2022\/05\/happy-ass-black-people1.jpg\",\"contentUrl\":\"https:\/\/cdn.unicaf.org\/websites\/unicaf\/wp-content\/uploads\/2022\/05\/happy-ass-black-people1.jpg\",\"width\":628,\"height\":353},{\"@type\":\"WebSite\",\"@id\":\"https:\/\/www.unicaf.org\/#website\",\"url\":\"https:\/\/www.unicaf.org\/\",\"name\":\"Unicaf - Scholarship Programme\",\"description\":\"Study Online Graduate On Campus\",\"publisher\":{\"@id\":\"https:\/\/www.unicaf.org\/#organization\"},\"potentialAction\":[{\"@type\":\"SearchAction\",\"target\":{\"@type\":\"EntryPoint\",\"urlTemplate\":\"https:\/\/www.unicaf.org\/?s={search_term_string}\"},\"query-input\":{\"@type\":\"PropertyValueSpecification\",\"valueRequired\":true,\"valueName\":\"search_term_string\"}}],\"inLanguage\":\"fr-FR\"},{\"@type\":\"Organization\",\"@id\":\"https:\/\/www.unicaf.org\/#organization\",\"name\":\"Unicaf\",\"url\":\"https:\/\/www.unicaf.org\/\",\"logo\":{\"@type\":\"ImageObject\",\"inLanguage\":\"fr-FR\",\"@id\":\"https:\/\/www.unicaf.org\/#\/schema\/logo\/image\/\",\"url\":\"https:\/\/cdn.unicaf.org\/websites\/unicaf\/wp-content\/uploads\/2021\/03\/Unicaf-logo.png\",\"contentUrl\":\"https:\/\/cdn.unicaf.org\/websites\/unicaf\/wp-content\/uploads\/2021\/03\/Unicaf-logo.png\",\"width\":270,\"height\":80,\"caption\":\"Unicaf\"},\"image\":{\"@id\":\"https:\/\/www.unicaf.org\/#\/schema\/logo\/image\/\"},\"sameAs\":[\"https:\/\/www.facebook.com\/UNICAF\",\"https:\/\/x.com\/Unicaforg\",\"https:\/\/www.instagram.com\/unicaf_online\",\"https:\/\/www.linkedin.com\/school\/5229637\/admin\/\",\"https:\/\/www.youtube.com\/c\/UnicafOrganization\",\"https:\/\/en.wikipedia.org\/wiki\/UNICAF\"]}]}<\/script>\n<!-- \/ Yoast SEO Premium plugin. -->","yoast_head_json":{"title":"Universit\u00e9 Unicaf - Unicaf - Scholarship Programme","robots":{"index":"index","follow":"follow","max-snippet":"max-snippet:-1","max-image-preview":"max-image-preview:large","max-video-preview":"max-video-preview:-1"},"canonical":"https:\/\/www.unicaf.org\/fr\/universite-unicaf-partner\/","og_locale":"fr_FR","og_type":"article","og_title":"Universit\u00e9 Unicaf","og_url":"https:\/\/www.unicaf.org\/fr\/universite-unicaf-partner\/","og_site_name":"Unicaf - Scholarship Programme","article_publisher":"https:\/\/www.facebook.com\/UNICAF","article_modified_time":"2022-05-19T06:38:40+00:00","og_image":[{"width":628,"height":353,"url":"https:\/\/cdn.unicaf.org\/websites\/unicaf\/wp-content\/uploads\/2022\/05\/happy-ass-black-people1.jpg","type":"image\/jpeg"}],"twitter_card":"summary_large_image","twitter_site":"@Unicaforg","schema":{"@context":"https:\/\/schema.org","@graph":[{"@type":"WebPage","@id":"https:\/\/www.unicaf.org\/fr\/universite-unicaf-partner\/","url":"https:\/\/www.unicaf.org\/fr\/universite-unicaf-partner\/","name":"Universit\u00e9 Unicaf - Unicaf - Scholarship Programme","isPartOf":{"@id":"https:\/\/www.unicaf.org\/#website"},"primaryImageOfPage":{"@id":"https:\/\/www.unicaf.org\/fr\/universite-unicaf-partner\/#primaryimage"},"image":{"@id":"https:\/\/www.unicaf.org\/fr\/universite-unicaf-partner\/#primaryimage"},"thumbnailUrl":"https:\/\/cdn.unicaf.org\/websites\/unicaf\/wp-content\/uploads\/2022\/05\/happy-ass-black-people1.jpg","datePublished":"2022-05-17T11:55:25+00:00","dateModified":"2022-05-19T06:38:40+00:00","inLanguage":"fr-FR","potentialAction":[{"@type":"ReadAction","target":["https:\/\/www.unicaf.org\/fr\/universite-unicaf-partner\/"]}]},{"@type":"ImageObject","inLanguage":"fr-FR","@id":"https:\/\/www.unicaf.org\/fr\/universite-unicaf-partner\/#primaryimage","url":"https:\/\/cdn.unicaf.org\/websites\/unicaf\/wp-content\/uploads\/2022\/05\/happy-ass-black-people1.jpg","contentUrl":"https:\/\/cdn.unicaf.org\/websites\/unicaf\/wp-content\/uploads\/2022\/05\/happy-ass-black-people1.jpg","width":628,"height":353},{"@type":"WebSite","@id":"https:\/\/www.unicaf.org\/#website","url":"https:\/\/www.unicaf.org\/","name":"Unicaf - Scholarship Programme","description":"Study Online Graduate On Campus","publisher":{"@id":"https:\/\/www.unicaf.org\/#organization"},"potentialAction":[{"@type":"SearchAction","target":{"@type":"EntryPoint","urlTemplate":"https:\/\/www.unicaf.org\/?s={search_term_string}"},"query-input":{"@type":"PropertyValueSpecification","valueRequired":true,"valueName":"search_term_string"}}],"inLanguage":"fr-FR"},{"@type":"Organization","@id":"https:\/\/www.unicaf.org\/#organization","name":"Unicaf","url":"https:\/\/www.unicaf.org\/","logo":{"@type":"ImageObject","inLanguage":"fr-FR","@id":"https:\/\/www.unicaf.org\/#\/schema\/logo\/image\/","url":"https:\/\/cdn.unicaf.org\/websites\/unicaf\/wp-content\/uploads\/2021\/03\/Unicaf-logo.png","contentUrl":"https:\/\/cdn.unicaf.org\/websites\/unicaf\/wp-content\/uploads\/2021\/03\/Unicaf-logo.png","width":270,"height":80,"caption":"Unicaf"},"image":{"@id":"https:\/\/www.unicaf.org\/#\/schema\/logo\/image\/"},"sameAs":["https:\/\/www.facebook.com\/UNICAF","https:\/\/x.com\/Unicaforg","https:\/\/www.instagram.com\/unicaf_online","https:\/\/www.linkedin.com\/school\/5229637\/admin\/","https:\/\/www.youtube.com\/c\/UnicafOrganization","https:\/\/en.wikipedia.org\/wiki\/UNICAF"]}]}},"_links":{"self":[{"href":"https:\/\/www.unicaf.org\/fr\/wp-json\/wp\/v2\/pages\/15386","targetHints":{"allow":["GET"]}}],"collection":[{"href":"https:\/\/www.unicaf.org\/fr\/wp-json\/wp\/v2\/pages"}],"about":[{"href":"https:\/\/www.unicaf.org\/fr\/wp-json\/wp\/v2\/types\/page"}],"author":[{"embeddable":true,"href":"https:\/\/www.unicaf.org\/fr\/wp-json\/wp\/v2\/users\/5"}],"replies":[{"embeddable":true,"href":"https:\/\/www.unicaf.org\/fr\/wp-json\/wp\/v2\/comments?post=15386"}],"version-history":[{"count":5,"href":"https:\/\/www.unicaf.org\/fr\/wp-json\/wp\/v2\/pages\/15386\/revisions"}],"predecessor-version":[{"id":15393,"href":"https:\/\/www.unicaf.org\/fr\/wp-json\/wp\/v2\/pages\/15386\/revisions\/15393"}],"wp:featuredmedia":[{"embeddable":true,"href":"https:\/\/www.unicaf.org\/fr\/wp-json\/wp\/v2\/media\/15387"}],"wp:attachment":[{"href":"https:\/\/www.unicaf.org\/fr\/wp-json\/wp\/v2\/media?parent=15386"}],"curies":[{"name":"wp","href":"https:\/\/api.w.org\/{rel}","templated":true}]}}