{"id":11924,"date":"2020-10-15T06:11:45","date_gmt":"2020-10-15T06:11:45","guid":{"rendered":"https:\/\/www.unicaf.org\/scholarships\/"},"modified":"2026-02-05T14:10:57","modified_gmt":"2026-02-05T11:10:57","slug":"scholarships","status":"publish","type":"page","link":"https:\/\/www.unicaf.org\/fr\/scholarships\/","title":{"rendered":"Bourses d&#8217;\u00e9tudes"},"content":{"rendered":"<div class=\"container\" id=\"title-subtitle-content\">\n    <h1 class=\"bold\">\u00c9conomisez avec une bourse Unicaf<\/h1>\n    <p class=\"subtitle semi-bold\"> <\/p>\n    <div class=\"wysiwyg-editor-body\">\n        <p><span data-sheets-value=\"{&quot;1&quot;:2,&quot;2&quot;:&quot;Obtenez une g\u00e9n\u00e9reuse bourse d'\u00e9tudes pour une universit\u00e9 reconnue internationalement de votre choix. \u00c9conomisez du temps et de l'argent en \u00e9vitant de vous d\u00e9placer ou de faire la navette jusqu'au campus pour assister aux cours. Vous pouvez \u00e9tudier de n'importe o\u00f9 dans le monde sans mettre votre carri\u00e8re et votre vie en suspens.&quot;}\" data-sheets-userformat=\"{&quot;2&quot;:13249,&quot;3&quot;:{&quot;1&quot;:0},&quot;9&quot;:0,&quot;10&quot;:0,&quot;11&quot;:4,&quot;12&quot;:0,&quot;15&quot;:&quot;Arial&quot;,&quot;16&quot;:9}\">Obtenez une g\u00e9n\u00e9reuse bourse d&#8217;\u00e9tudes pour une universit\u00e9 reconnue internationalement de votre choix. \u00c9conomisez du temps et de l&#8217;argent en \u00e9vitant de vous d\u00e9placer ou de faire la navette jusqu&#8217;au campus pour assister aux cours. Vous pouvez \u00e9tudier de n&#8217;importe o\u00f9 dans le monde sans mettre votre carri\u00e8re et votre vie en suspens.<\/span><\/p>\n\n    <\/div>\n    <\/div>\n\n\n<div class=\"container-fluid px-0 \">\n    <div class=\"two-col-img-vid container\">\n        <div class=\"row two-col-img-vid-row\">\n                            <div class=\"col-md-12 col-lg-6 img-left-col img-brd-rad-10 position-relative lozad\"\n                    data-background-image=\"https:\/\/cdn.unicaf.org\/websites\/unicaf\/wp-content\/uploads\/2021\/07\/bottom-1024x683.jpg\">\n                                                        <\/div>\n                        <div class=\"col-md-12 col-lg-6 two-col-img-vid-content py-5 px-md-5 \">\n                <h2 class=\"bold mb-4 \">\u00c9ligibilit\u00e9 \u00e0 la bourse d&#8217;\u00e9tudes Unicaf<\/h2>\n                                    <div class=\"mb-4  subtitle semi-bold\">\n                        <p>Unicaf consid\u00e8re les candidats pour une bourse d&#8217;\u00e9tudes sur la base des qualifications acad\u00e9miques, des capacit\u00e9s financi\u00e8res et du pays de r\u00e9sidence<\/p>\n\n                    <\/div>\n                                            <a href=\"\" class=\"pink-btn-arrow text-uppercase\">\n                            <div>\n                                <span class=\"icon-container\"><i class=\"fas fa-chevron-right\"><\/i><\/span>\n                                <span class=\"text-container\">V\u00e9rifiez l&#8217;\u00e9ligibilit\u00e9<\/span>\n                            <\/div>\n                        <\/a>\n                                                <\/div>\n                    <\/div>\n    <\/div>\n<\/div>\n\n\n\n\n<div class=\"container container-success-story-carousel pt-3 pb-5\">\n\n    <div class=\"success-story-carousel-content\">\n        <div class=\"success-story-carousel-arrows\">\n            <i class=\"fas fa-chevron-left success-story-prev success-story-nav-icon\"><\/i>\n            <i class=\"fas fa-chevron-right success-story-next success-story-nav-icon\"><\/i>\n        <\/div>\n        <div class=\"owl-carousel\" data-carousel=\"owl\">\n                                            \n                                                <div class=\"card item card-success-stories\">\n                    <div class=\"card-body d-flex flex-column\">\n                        <div class=\"row \">\n                            <div class=\"col-sm-1 mt-5 mobile-top-img\">\n                                <img data-src=\"https:\/\/cdn.unicaf.org\/websites\/unicaf\/wp-content\/uploads\/2022\/12\/Oluwatosin-Doyinsola-Awe.png\" class=\"rounded-circle success-story-carousel-image lozad\" alt=\"Oluwatosin Doyinsola Awe\">\n                            <\/div>\n                            <div class=\"col-sm-10 offset-md-1 mt-5\">\n                                <i class=\"fas fa-quote-left\"><\/i>\n                                <div class=\"white-txt bold card-success-stories-h4 h4\"><p>Mon exp\u00e9rience d&#8217;apprentissage a \u00e9t\u00e9 superbe.<\/p>\n<\/div><br\/>\n                                <div class=\"white-txt bold h5\">Oluwatosin Doyinsola Awe, Nig\u00e9ria<\/div>\n                                <p class=\"p2-size white-txt\">\n                                                                            Universit\u00e9 Unicaf &#8211; Programmes fran\u00e7ais\n                                                                    <\/p>\n                                <p class=\"p2-size white-txt\">\n                                                                            \n                                                                    <\/p>\n\n                                                                                                                                        <div class=\"py-5\">\n                                        <a href=\"https:\/\/www.unicaf.org\/fr\/universite-unicaf-partner\/?utm_source=unicaf-fr-partner-website\" target=\"_blank\" class=\"white-brd-pink-btn-arrow text-uppercase\">\n                                            <div>\n                                                <span class=\"icon-container\"><i class=\"fas fa-chevron-right\"><\/i><\/span>\n                                                <span class=\"text-container\">\n                                                                                                            Visitez le  Universit\u00e9 Unicaf &#8211; Programmes fran\u00e7ais\n                                                                                                    <\/span>\n                                            <\/div>\n                                        <\/a>\n                                    <\/div>\n                                                            <\/div>\n                        <\/div>\n                    <\/div>\n                <\/div>\n                                            \n                                                <div class=\"card item card-success-stories\">\n                    <div class=\"card-body d-flex flex-column\">\n                        <div class=\"row \">\n                            <div class=\"col-sm-1 mt-5 mobile-top-img\">\n                                <img data-src=\"https:\/\/cdn.unicaf.org\/websites\/unicaf\/wp-content\/uploads\/2022\/12\/Neva-Ronald-1.png\" class=\"rounded-circle success-story-carousel-image lozad\" alt=\"Neva Ronald\">\n                            <\/div>\n                            <div class=\"col-sm-10 offset-md-1 mt-5\">\n                                <i class=\"fas fa-quote-left\"><\/i>\n                                <div class=\"white-txt bold card-success-stories-h4 h4\"><p>Vous pouvez \u00e9tudier, travailler et vous occuper de votre famille. <\/p>\n<\/div><br\/>\n                                <div class=\"white-txt bold h5\">Neva Ronald, Malawi<\/div>\n                                <p class=\"p2-size white-txt\">\n                                                                            Universit\u00e9 Unicaf &#8211; Programmes fran\u00e7ais\n                                                                    <\/p>\n                                <p class=\"p2-size white-txt\">\n                                                                            \n                                                                    <\/p>\n\n                                                                                                                                        <div class=\"py-5\">\n                                        <a href=\"https:\/\/www.unicaf.org\/fr\/universite-unicaf-partner\/?utm_source=unicaf-fr-partner-website\" target=\"_blank\" class=\"white-brd-pink-btn-arrow text-uppercase\">\n                                            <div>\n                                                <span class=\"icon-container\"><i class=\"fas fa-chevron-right\"><\/i><\/span>\n                                                <span class=\"text-container\">\n                                                                                                            Visitez le  Universit\u00e9 Unicaf &#8211; Programmes fran\u00e7ais\n                                                                                                    <\/span>\n                                            <\/div>\n                                        <\/a>\n                                    <\/div>\n                                                            <\/div>\n                        <\/div>\n                    <\/div>\n                <\/div>\n                    <\/div>\n    <\/div>\n<\/div>\n\n<script>\n    jQuery(document).ready(function ($) {\n        $('.success-story-prev').click(function () {\n            $('.owl-prev').click();\n        });\n\n        $('.success-story-next').click(function () {\n            $('.owl-next').click();\n        });\n    });\n<\/script>\n\n\n\n    <section class=\"latest-blogs py-5 \">\n        <div class=\"container\">\n                        <h2 class=\"latest-blogs-title bold\">Apprendre de notre blog<\/h2>\n                        <div class=\"row\">\n                                    <div class=\"col-12 col-md-6\">\n                        <a href=\"https:\/\/www.unicaf.org\/fr\/un-master-en-administration-des-affaires-mba\/\" class=\"blog-cardbox-link img-transform\">\n                                                            <div class=\"blog-cardbox-first\">\n                                                                        <div class=\"card lozad\" data-background-image=\"https:\/\/cdn.unicaf.org\/websites\/unicaf\/wp-content\/uploads\/2024\/11\/MBA.jpg\">\n                                        <div class=\"card-body blog-cardbox-body\">\n                                            \n                                            <div class=\"badge badge-custom badge-pink mb-3\">G\u00e9n\u00e9ral<\/div>\n                                            <p class=\"semi-bold white-txt\">Un master en administration des affaires (MBA) &#8211; G\u00e9n\u00e9ral avec l&#8217;universit\u00e9 Unicaf\n                                                <i class=\"fas fa-chevron-right arrow-white-brd white-txt\"><\/i>\n                                            <\/p>\n                                            <p class=\"white-txt text-xs mb-0\">\n                                                14 Nov 2024\n                                                                                                    <span class=\"mx-2\">|<\/span>By Sarah L\n                                                                                            <\/p>\n                                        <\/div>\n                                    <\/div>\n                                <\/div>\n                                                    <\/a>\n                    <\/div>\n                                    <div class=\"col-12 col-md-3 \">\n                        <a href=\"https:\/\/www.unicaf.org\/fr\/les-femmes-africaines-a-l-avant-garde-des-stim\/\" class=\"blog-cardbox-link img-transform\">\n                                                            <div class=\"card h-100 posts-cardbox shadow\">\n        <div class=\"card-img-container blog-card-img-container\">\n                    <img loading=\"lazy\" decoding=\"async\" width=\"300\" height=\"155\" src=\"https:\/\/cdn.unicaf.org\/websites\/unicaf\/wp-content\/uploads\/2024\/08\/Breaking-Barriers-African-Women-300x155.jpg\" class=\"blog-card-img-top img-transition\" alt=\"Briser les barri\u00e8res : Les femmes africaines \u00e0 l&#8217;avant-garde des STIM\" srcset=\"https:\/\/cdn.unicaf.org\/websites\/unicaf\/wp-content\/uploads\/2024\/08\/Breaking-Barriers-African-Women-300x155.jpg 300w, https:\/\/cdn.unicaf.org\/websites\/unicaf\/wp-content\/uploads\/2024\/08\/Breaking-Barriers-African-Women-1024x529.jpg 1024w, https:\/\/cdn.unicaf.org\/websites\/unicaf\/wp-content\/uploads\/2024\/08\/Breaking-Barriers-African-Women-768x397.jpg 768w, https:\/\/cdn.unicaf.org\/websites\/unicaf\/wp-content\/uploads\/2024\/08\/Breaking-Barriers-African-Women-400x207.jpg 400w, https:\/\/cdn.unicaf.org\/websites\/unicaf\/wp-content\/uploads\/2024\/08\/Breaking-Barriers-African-Women.jpg 1200w\" sizes=\"auto, (max-width: 300px) 100vw, 300px\" \/>\n            <\/div>\n    <div class=\"card-body\">\n                <div class=\"badge badge-pill badge-pink text-xs regular mb-3\">\n            <span class=\"pink-txt\">G\u00e9n\u00e9ral<\/span>\n        <\/div>\n        <p class=\"card-title black-txt text-sm semi-bold\">Briser les barri\u00e8res : Les femmes africaines \u00e0 l&#8217;avant-garde des STIM<i class=\"fas fa-chevron-right arrow-pink-brd ml-2\"><\/i><\/p>\n    <\/div>\n           <div class=\"card-footer \">\n        <p class=\"black-txt text-xxs mb-0\">\n            23 Aug 2024\n                            <span class=\"mx-2\">|<\/span>By Sarah L\n                    <\/p>\n    <\/div>\n    <\/div>                                                    <\/a>\n                    <\/div>\n                                    <div class=\"col-12 col-md-3 \">\n                        <a href=\"https:\/\/www.unicaf.org\/fr\/entrepreneuriat-en-afrique-le-role-d-unicaf\/\" class=\"blog-cardbox-link img-transform\">\n                                                            <div class=\"card h-100 posts-cardbox shadow\">\n        <div class=\"card-img-container blog-card-img-container\">\n                    <img loading=\"lazy\" decoding=\"async\" width=\"300\" height=\"155\" src=\"https:\/\/cdn.unicaf.org\/websites\/unicaf\/wp-content\/uploads\/2024\/08\/Entrepreneurship-300x155.jpg\" class=\"blog-card-img-top img-transition\" alt=\"Entrepreneuriat en Afrique : le r\u00f4le d&#8217;Unicaf\" srcset=\"https:\/\/cdn.unicaf.org\/websites\/unicaf\/wp-content\/uploads\/2024\/08\/Entrepreneurship-300x155.jpg 300w, https:\/\/cdn.unicaf.org\/websites\/unicaf\/wp-content\/uploads\/2024\/08\/Entrepreneurship-1024x529.jpg 1024w, https:\/\/cdn.unicaf.org\/websites\/unicaf\/wp-content\/uploads\/2024\/08\/Entrepreneurship-768x397.jpg 768w, https:\/\/cdn.unicaf.org\/websites\/unicaf\/wp-content\/uploads\/2024\/08\/Entrepreneurship-400x207.jpg 400w, https:\/\/cdn.unicaf.org\/websites\/unicaf\/wp-content\/uploads\/2024\/08\/Entrepreneurship.jpg 1200w\" sizes=\"auto, (max-width: 300px) 100vw, 300px\" \/>\n            <\/div>\n    <div class=\"card-body\">\n                <div class=\"badge badge-pill badge-pink text-xs regular mb-3\">\n            <span class=\"pink-txt\">G\u00e9n\u00e9ral<\/span>\n        <\/div>\n        <p class=\"card-title black-txt text-sm semi-bold\">Entrepreneuriat en Afrique : le r\u00f4le d&#8217;Unicaf<i class=\"fas fa-chevron-right arrow-pink-brd ml-2\"><\/i><\/p>\n    <\/div>\n           <div class=\"card-footer \">\n        <p class=\"black-txt text-xxs mb-0\">\n            23 Aug 2024\n                            <span class=\"mx-2\">|<\/span>By Sarah L\n                    <\/p>\n    <\/div>\n    <\/div>                                                    <\/a>\n                    <\/div>\n                            <\/div>\n                            <div class=\"text-center py-5\">\n                    <a href=\"\" class=\"pink-btn-arrow text-uppercase d-inline-flex align-items-center\" target=\"_self\">\n    <span class=\"icon-container\"><i class=\"fas fa-chevron-right\" aria-hidden=\"true\"><\/i><\/span>\n    <span class=\"text-container\">CONTINUER \u00c0 APPRENDRE DE NOTRE BLOG<\/span>\n<\/a>\n                <\/div>\n                    <\/div>\n    <\/section>\n","protected":false},"excerpt":{"rendered":"","protected":false},"author":5,"featured_media":34951,"parent":0,"menu_order":90,"comment_status":"closed","ping_status":"closed","template":"page-with-header-and-form.php","meta":{"_acf_changed":false,"footnotes":""},"class_list":["post-11924","page","type-page","status-publish","has-post-thumbnail","hentry"],"acf":[],"yoast_head":"<!-- This site is optimized with the Yoast SEO Premium plugin v27.3 (Yoast SEO v27.3) - https:\/\/yoast.com\/product\/yoast-seo-premium-wordpress\/ -->\n<title>Bourses d&#039;\u00e9tudes - Unicaf - Scholarship Programme<\/title>\n<meta name=\"robots\" content=\"index, follow, max-snippet:-1, max-image-preview:large, max-video-preview:-1\" \/>\n<link rel=\"canonical\" href=\"https:\/\/www.unicaf.org\/fr\/scholarships\/\" \/>\n<meta property=\"og:locale\" content=\"fr_FR\" \/>\n<meta property=\"og:type\" content=\"article\" \/>\n<meta property=\"og:title\" content=\"Bourses d&#039;\u00e9tudes\" \/>\n<meta property=\"og:url\" content=\"https:\/\/www.unicaf.org\/fr\/scholarships\/\" \/>\n<meta property=\"og:site_name\" content=\"Unicaf - Scholarship Programme\" \/>\n<meta property=\"article:publisher\" content=\"https:\/\/www.facebook.com\/UNICAF\" \/>\n<meta property=\"article:modified_time\" content=\"2026-02-05T11:10:57+00:00\" \/>\n<meta property=\"og:image\" content=\"https:\/\/www.unicaf.org\/wp-content\/uploads\/-new\/2026\/02\/students-w-unicaf-t-shirts.jpg\" \/>\n\t<meta property=\"og:image:width\" content=\"1280\" \/>\n\t<meta property=\"og:image:height\" content=\"853\" \/>\n\t<meta property=\"og:image:type\" content=\"image\/jpeg\" \/>\n<meta name=\"twitter:card\" content=\"summary_large_image\" \/>\n<meta name=\"twitter:site\" content=\"@Unicaforg\" \/>\n<meta name=\"twitter:label1\" content=\"Est. reading time\" \/>\n\t<meta name=\"twitter:data1\" content=\"1 minute\" \/>\n<script type=\"application\/ld+json\" class=\"yoast-schema-graph\">{\"@context\":\"https:\\\/\\\/schema.org\",\"@graph\":[{\"@type\":\"WebPage\",\"@id\":\"https:\\\/\\\/www.unicaf.org\\\/fr\\\/scholarships\\\/\",\"url\":\"https:\\\/\\\/www.unicaf.org\\\/fr\\\/scholarships\\\/\",\"name\":\"Bourses d'\u00e9tudes - Unicaf - Scholarship Programme\",\"isPartOf\":{\"@id\":\"https:\\\/\\\/www.unicaf.org\\\/fr\\\/#website\"},\"primaryImageOfPage\":{\"@id\":\"https:\\\/\\\/www.unicaf.org\\\/fr\\\/scholarships\\\/#primaryimage\"},\"image\":{\"@id\":\"https:\\\/\\\/www.unicaf.org\\\/fr\\\/scholarships\\\/#primaryimage\"},\"thumbnailUrl\":\"https:\\\/\\\/www.unicaf.org\\\/wp-content\\\/uploads\\\/-new\\\/2026\\\/02\\\/students-w-unicaf-t-shirts.jpg\",\"datePublished\":\"2020-10-15T06:11:45+00:00\",\"dateModified\":\"2026-02-05T11:10:57+00:00\",\"inLanguage\":\"fr-FR\",\"potentialAction\":[{\"@type\":\"ReadAction\",\"target\":[\"https:\\\/\\\/www.unicaf.org\\\/fr\\\/scholarships\\\/\"]}]},{\"@type\":\"ImageObject\",\"inLanguage\":\"fr-FR\",\"@id\":\"https:\\\/\\\/www.unicaf.org\\\/fr\\\/scholarships\\\/#primaryimage\",\"url\":\"https:\\\/\\\/www.unicaf.org\\\/wp-content\\\/uploads\\\/-new\\\/2026\\\/02\\\/students-w-unicaf-t-shirts.jpg\",\"contentUrl\":\"https:\\\/\\\/www.unicaf.org\\\/wp-content\\\/uploads\\\/-new\\\/2026\\\/02\\\/students-w-unicaf-t-shirts.jpg\",\"width\":1280,\"height\":853,\"caption\":\"Smiling students wearing t-shirts with Unicaf logo.\"},{\"@type\":\"WebSite\",\"@id\":\"https:\\\/\\\/www.unicaf.org\\\/fr\\\/#website\",\"url\":\"https:\\\/\\\/www.unicaf.org\\\/fr\\\/\",\"name\":\"Unicaf - Scholarship Programme\",\"description\":\"Study Online Graduate On Campus\",\"potentialAction\":[{\"@type\":\"SearchAction\",\"target\":{\"@type\":\"EntryPoint\",\"urlTemplate\":\"https:\\\/\\\/www.unicaf.org\\\/fr\\\/?s={search_term_string}\"},\"query-input\":{\"@type\":\"PropertyValueSpecification\",\"valueRequired\":true,\"valueName\":\"search_term_string\"}}],\"inLanguage\":\"fr-FR\"}]}<\/script>\n<!-- \/ Yoast SEO Premium plugin. -->","yoast_head_json":{"title":"Bourses d'\u00e9tudes - Unicaf - Scholarship Programme","robots":{"index":"index","follow":"follow","max-snippet":"max-snippet:-1","max-image-preview":"max-image-preview:large","max-video-preview":"max-video-preview:-1"},"canonical":"https:\/\/www.unicaf.org\/fr\/scholarships\/","og_locale":"fr_FR","og_type":"article","og_title":"Bourses d'\u00e9tudes","og_url":"https:\/\/www.unicaf.org\/fr\/scholarships\/","og_site_name":"Unicaf - Scholarship Programme","article_publisher":"https:\/\/www.facebook.com\/UNICAF","article_modified_time":"2026-02-05T11:10:57+00:00","og_image":[{"width":1280,"height":853,"url":"https:\/\/www.unicaf.org\/wp-content\/uploads\/-new\/2026\/02\/students-w-unicaf-t-shirts.jpg","type":"image\/jpeg"}],"twitter_card":"summary_large_image","twitter_site":"@Unicaforg","twitter_misc":{"Est. reading time":"1 minute"},"schema":{"@context":"https:\/\/schema.org","@graph":[{"@type":"WebPage","@id":"https:\/\/www.unicaf.org\/fr\/scholarships\/","url":"https:\/\/www.unicaf.org\/fr\/scholarships\/","name":"Bourses d'\u00e9tudes - Unicaf - Scholarship Programme","isPartOf":{"@id":"https:\/\/www.unicaf.org\/fr\/#website"},"primaryImageOfPage":{"@id":"https:\/\/www.unicaf.org\/fr\/scholarships\/#primaryimage"},"image":{"@id":"https:\/\/www.unicaf.org\/fr\/scholarships\/#primaryimage"},"thumbnailUrl":"https:\/\/www.unicaf.org\/wp-content\/uploads\/-new\/2026\/02\/students-w-unicaf-t-shirts.jpg","datePublished":"2020-10-15T06:11:45+00:00","dateModified":"2026-02-05T11:10:57+00:00","inLanguage":"fr-FR","potentialAction":[{"@type":"ReadAction","target":["https:\/\/www.unicaf.org\/fr\/scholarships\/"]}]},{"@type":"ImageObject","inLanguage":"fr-FR","@id":"https:\/\/www.unicaf.org\/fr\/scholarships\/#primaryimage","url":"https:\/\/www.unicaf.org\/wp-content\/uploads\/-new\/2026\/02\/students-w-unicaf-t-shirts.jpg","contentUrl":"https:\/\/www.unicaf.org\/wp-content\/uploads\/-new\/2026\/02\/students-w-unicaf-t-shirts.jpg","width":1280,"height":853,"caption":"Smiling students wearing t-shirts with Unicaf logo."},{"@type":"WebSite","@id":"https:\/\/www.unicaf.org\/fr\/#website","url":"https:\/\/www.unicaf.org\/fr\/","name":"Unicaf - Scholarship Programme","description":"Study Online Graduate On Campus","potentialAction":[{"@type":"SearchAction","target":{"@type":"EntryPoint","urlTemplate":"https:\/\/www.unicaf.org\/fr\/?s={search_term_string}"},"query-input":{"@type":"PropertyValueSpecification","valueRequired":true,"valueName":"search_term_string"}}],"inLanguage":"fr-FR"}]}},"_links":{"self":[{"href":"https:\/\/www.unicaf.org\/fr\/wp-json\/wp\/v2\/pages\/11924","targetHints":{"allow":["GET"]}}],"collection":[{"href":"https:\/\/www.unicaf.org\/fr\/wp-json\/wp\/v2\/pages"}],"about":[{"href":"https:\/\/www.unicaf.org\/fr\/wp-json\/wp\/v2\/types\/page"}],"author":[{"embeddable":true,"href":"https:\/\/www.unicaf.org\/fr\/wp-json\/wp\/v2\/users\/5"}],"replies":[{"embeddable":true,"href":"https:\/\/www.unicaf.org\/fr\/wp-json\/wp\/v2\/comments?post=11924"}],"version-history":[{"count":8,"href":"https:\/\/www.unicaf.org\/fr\/wp-json\/wp\/v2\/pages\/11924\/revisions"}],"predecessor-version":[{"id":34989,"href":"https:\/\/www.unicaf.org\/fr\/wp-json\/wp\/v2\/pages\/11924\/revisions\/34989"}],"wp:featuredmedia":[{"embeddable":true,"href":"https:\/\/www.unicaf.org\/fr\/wp-json\/wp\/v2\/media\/34951"}],"wp:attachment":[{"href":"https:\/\/www.unicaf.org\/fr\/wp-json\/wp\/v2\/media?parent=11924"}],"curies":[{"name":"wp","href":"https:\/\/api.w.org\/{rel}","templated":true}]}}