{"id":11836,"date":"2020-08-28T09:29:55","date_gmt":"2020-08-28T06:29:55","guid":{"rendered":"https:\/\/www.unicaf.org\/discover\/"},"modified":"2022-01-17T16:38:04","modified_gmt":"2022-01-17T13:38:04","slug":"discover","status":"publish","type":"page","link":"https:\/\/www.unicaf.org\/fr\/discover\/","title":{"rendered":"D\u00e9couvrez"},"content":{"rendered":"<div class=\"container-fluid pt-5 px-0 l-gray-bg\">\n    <div class=\"container\">\n        <h1 class=\"bold mb-4 mb-lg-5\">D\u00e9couvrez pourquoi Unicaf est la principale plateforme en ligne<\/h1>\n        <p class=\"subtitle semi-bold\">Le programme de bourses d&#8217;\u00e9tudes Unicaf est l&#8217;un des programmes de bourses les plus g\u00e9n\u00e9reux disponibles. D\u00e9couvrez nos partenaires universitaires renomm\u00e9s au Royaume-Uni, aux \u00c9tats-Unis, en Europe et en Afrique, et postulez pour \u00e9tudier avec une bourse d&#8217;\u00e9tudes.<\/p>        <div class=\"d-flex position-relative align-items-center justify-content-center rounded\">\n            <img loading=\"lazy\" decoding=\"async\" width=\"1024\" height=\"419\" src=\"https:\/\/cdn.unicaf.org\/websites\/unicaf\/wp-content\/uploads\/2020\/11\/whychooseuu_header-1024x419.jpg\" class=\"video-image img-fluid\" alt=\"Discover Unicaf\" srcset=\"https:\/\/cdn.unicaf.org\/websites\/unicaf\/wp-content\/uploads\/2020\/11\/whychooseuu_header-300x123.jpg 300w, https:\/\/cdn.unicaf.org\/websites\/unicaf\/wp-content\/uploads\/2020\/11\/whychooseuu_header-1024x419.jpg 1024w, https:\/\/cdn.unicaf.org\/websites\/unicaf\/wp-content\/uploads\/2020\/11\/whychooseuu_header-768x315.jpg 768w, https:\/\/cdn.unicaf.org\/websites\/unicaf\/wp-content\/uploads\/2020\/11\/whychooseuu_header.jpg 1367w\" sizes=\"auto, (max-width: 1024px) 100vw, 1024px\" \/>\n            <a href=\"https:\/\/www.youtube.com\/watch?v=1XXHR53RlSo\" data-video-id=\"1XXHR53RlSo\" class=\"rounded-circle position-absolute play-btn\"\n    onclick=\"event.preventDefault();return play_video_in_modal(this);\" aria-label=\"Play video\"><i class=\"fas fa-play\"><\/i><\/a>\n        <\/div>\n                    <div class=\"text-center pt-5\">\n                <a href=\"\" class=\"pink-btn-arrow text-uppercase\">\n                    <div>\n                        <span class=\"icon-container\"><i class=\"fas fa-chevron-right\"><\/i><\/span>\n                        <span class=\"text-container\">D\u00e9couvrez Unicaf<\/span>\n                    <\/div>\n                <\/a>\n            <\/div>\n            <\/div>\n    <div class=\"divider divider-bottom\"><\/div>\n<\/div>\n\n\n<div class=\"container pt-5 mt-5 two-column-block\">\n        <div class=\"pb-5\">\n            <h2 class=\"bold\">D\u00e9couvrez vos options d&#8217;apprentissage<\/h2>\n        <\/div>\n    <div class=\"row\">\n                    <div class=\"col-md-6\">\n                <img data-src=\"https:\/\/www.unicaf.org\/wp-content\/uploads\/external\/f1eedf0c3f51684cc3422732c22eda46-585x272-c-default.png\" class=\"img-fluid image-medium-radius lozad\" alt=\"Exp\u00e9rience d'apprentissage en ligne\">\n                <h3 class=\"pt-4 bold\"> Exp\u00e9rience d&#8217;apprentissage en ligne<\/h3>\n                <p class=\"pt-3 p2-size description\"> En tant qu&#8217;\u00e9tudiant en ligne, vous pouvez apprendre \u00e0 votre rythme hebdomadaire, \u00e9tudier l\u00e0 o\u00f9 \u00e7a vous convient le mieux, conserver votre emploi ou continuer \u00e0 vous occuper de votre famille.<\/p>\n                                <div class=\"button-university-partner pt-4 pb-5\">\n                    <a href=\"\" class=\"left-pink-rounded-icon-link-btn h5-size bold\"> DEVENEZ UN \u00c9TUDIANT EN LIGNE<\/a>\n                <\/div>\n                            <\/div>\n                    <div class=\"col-md-6\">\n                <img data-src=\"https:\/\/www.unicaf.org\/wp-content\/uploads\/external\/10287800125cea4acad407f5a5cc208a-585x272-c-default.png\" class=\"img-fluid image-medium-radius lozad\" alt=\"Enseignement sur le campus\">\n                <h3 class=\"pt-4 bold\"> Enseignement sur le campus<\/h3>\n                <p class=\"pt-3 p2-size description\"> Unicaf, en tant que pr\u00e9curseur de l&#8217;enseignement novateur, a r\u00e9volutionn\u00e9 le concept de cours en offrant un enseignement personnalis\u00e9 en pr\u00e9sentiel sur le campus tout en utilisant sa plateforme num\u00e9rique de pointe.<\/p>\n                                <div class=\"button-university-partner pt-4 pb-5\">\n                    <a href=\"\" class=\"left-pink-rounded-icon-link-btn h5-size bold\"> \u00c9TUDIEZ SUR LE CAMPUS<\/a>\n                <\/div>\n                            <\/div>\n            <\/div>\n<\/div>\n\n\n<div class=\"container-fluid px-0 \">\n    <div class=\"two-col-img-vid container\">\n        <div class=\"row two-col-img-vid-row\">\n                            <div class=\"col-md-12 col-lg-6 img-left-col  position-relative lozad\"\n                    data-background-image=\"https:\/\/cdn.unicaf.org\/websites\/unicaf\/wp-content\/uploads\/2021\/07\/adviser-1024x683.jpg\">\n                                                                <div class=\"divider divider-side right d-none d-md-block black-bg\"><\/div>\n                                    <\/div>\n                        <div class=\"col-md-12 col-lg-6 two-col-img-vid-content py-5 px-md-5 black-bg\">\n                <h2 class=\"bold mb-4 white-txt\">Contactez le conseiller \u00e9tudiants<\/h2>\n                                    <div class=\"mb-4 white-txt subtitle semi-bold\">\n                        <p>Nos conseillers \u00e9tudiants hautement qualifi\u00e9s sont des repr\u00e9sentants qui fournissent des conseils, un soutien continu et une assistance.<\/p>\n\n                    <\/div>\n                                            <a href=\"\" class=\"pink-btn-arrow text-uppercase\">\n                            <div>\n                                <span class=\"icon-container\"><i class=\"fas fa-chevron-right\"><\/i><\/span>\n                                <span class=\"text-container\">Contactez-nous aujourd&#8217;hui<\/span>\n                            <\/div>\n                        <\/a>\n                                                <\/div>\n                    <\/div>\n    <\/div>\n<\/div>\n\n\n\n\n    <div class=\"latest-blogs mt-5\">\n                <h2 class=\"latest-blogs-title bold\">En savoir plus sur notre blog<\/h2>\n                <div class=\"row\">\n                            <div class=\"col-12 col-md-6\">\n                    <a href=\"https:\/\/www.unicaf.org\/fr\/un-master-en-administration-des-affaires-mba\/\" class=\"blog-cardbox-link img-transform\">\n                                                    <div class=\"blog-cardbox-first\">\n                                                                <div class=\"card lozad\" data-background-image=\"https:\/\/cdn.unicaf.org\/websites\/unicaf\/wp-content\/uploads\/2024\/11\/MBA.jpg\">\n                                    <div class=\"card-body blog-cardbox-body\">\n                                        \n                                        <div class=\"badge badge-custom badge-pink mb-3\">G\u00e9n\u00e9ral<\/div>\n                                        <p class=\"semi-bold white-txt\">Un master en administration des affaires (MBA) &#8211; G\u00e9n\u00e9ral avec l&#8217;universit\u00e9 Unicaf\n                                            <i class=\"fas fa-chevron-right arrow-white-brd white-txt\"><\/i>\n                                        <\/p>\n                                        <p class=\"white-txt text-xs mb-0\">\n                                            14 Nov 2024\n                                                                                            <span class=\"mx-2\">|<\/span>By Sarah L\n                                                                                    <\/p>\n                                    <\/div>\n                                <\/div>\n                            <\/div>\n                                            <\/a>\n                <\/div>\n                            <div class=\"col-12 col-md-3 \">\n                    <a href=\"https:\/\/www.unicaf.org\/fr\/les-femmes-africaines-a-l-avant-garde-des-stim\/\" class=\"blog-cardbox-link img-transform\">\n                                                    <div class=\"card h-100 posts-cardbox shadow\">\n        <div class=\"card-img-container blog-card-img-container\">\n                    <img loading=\"lazy\" decoding=\"async\" width=\"300\" height=\"155\" src=\"https:\/\/cdn.unicaf.org\/websites\/unicaf\/wp-content\/uploads\/2024\/08\/Breaking-Barriers-African-Women-300x155.jpg\" class=\"blog-card-img-top img-transition\" alt=\"Briser les barri\u00e8res : Les femmes africaines \u00e0 l&#8217;avant-garde des STIM\" srcset=\"https:\/\/cdn.unicaf.org\/websites\/unicaf\/wp-content\/uploads\/2024\/08\/Breaking-Barriers-African-Women-300x155.jpg 300w, https:\/\/cdn.unicaf.org\/websites\/unicaf\/wp-content\/uploads\/2024\/08\/Breaking-Barriers-African-Women-1024x529.jpg 1024w, https:\/\/cdn.unicaf.org\/websites\/unicaf\/wp-content\/uploads\/2024\/08\/Breaking-Barriers-African-Women-768x397.jpg 768w, https:\/\/cdn.unicaf.org\/websites\/unicaf\/wp-content\/uploads\/2024\/08\/Breaking-Barriers-African-Women-400x207.jpg 400w, https:\/\/cdn.unicaf.org\/websites\/unicaf\/wp-content\/uploads\/2024\/08\/Breaking-Barriers-African-Women.jpg 1200w\" sizes=\"auto, (max-width: 300px) 100vw, 300px\" \/>\n            <\/div>\n    <div class=\"card-body\">\n                <div class=\"badge badge-pill badge-pink text-xs regular mb-3\">\n            <span class=\"pink-txt\">G\u00e9n\u00e9ral<\/span>\n        <\/div>\n        <p class=\"card-title black-txt text-sm semi-bold\">Briser les barri\u00e8res : Les femmes africaines \u00e0 l&#8217;avant-garde des STIM<i class=\"fas fa-chevron-right arrow-pink-brd ml-2\"><\/i><\/p>\n    <\/div>\n           <div class=\"card-footer \">\n        <p class=\"black-txt text-xxs mb-0\">\n            23 Aug 2024\n                            <span class=\"mx-2\">|<\/span>By Sarah L\n                    <\/p>\n    <\/div>\n    <\/div>                                            <\/a>\n                <\/div>\n                            <div class=\"col-12 col-md-3 \">\n                    <a href=\"https:\/\/www.unicaf.org\/fr\/entrepreneuriat-en-afrique-le-role-d-unicaf\/\" class=\"blog-cardbox-link img-transform\">\n                                                    <div class=\"card h-100 posts-cardbox shadow\">\n        <div class=\"card-img-container blog-card-img-container\">\n                    <img loading=\"lazy\" decoding=\"async\" width=\"300\" height=\"155\" src=\"https:\/\/cdn.unicaf.org\/websites\/unicaf\/wp-content\/uploads\/2024\/08\/Entrepreneurship-300x155.jpg\" class=\"blog-card-img-top img-transition\" alt=\"Entrepreneuriat en Afrique : le r\u00f4le d&#8217;Unicaf\" srcset=\"https:\/\/cdn.unicaf.org\/websites\/unicaf\/wp-content\/uploads\/2024\/08\/Entrepreneurship-300x155.jpg 300w, https:\/\/cdn.unicaf.org\/websites\/unicaf\/wp-content\/uploads\/2024\/08\/Entrepreneurship-1024x529.jpg 1024w, https:\/\/cdn.unicaf.org\/websites\/unicaf\/wp-content\/uploads\/2024\/08\/Entrepreneurship-768x397.jpg 768w, https:\/\/cdn.unicaf.org\/websites\/unicaf\/wp-content\/uploads\/2024\/08\/Entrepreneurship-400x207.jpg 400w, https:\/\/cdn.unicaf.org\/websites\/unicaf\/wp-content\/uploads\/2024\/08\/Entrepreneurship.jpg 1200w\" sizes=\"auto, (max-width: 300px) 100vw, 300px\" \/>\n            <\/div>\n    <div class=\"card-body\">\n                <div class=\"badge badge-pill badge-pink text-xs regular mb-3\">\n            <span class=\"pink-txt\">G\u00e9n\u00e9ral<\/span>\n        <\/div>\n        <p class=\"card-title black-txt text-sm semi-bold\">Entrepreneuriat en Afrique : le r\u00f4le d&#8217;Unicaf<i class=\"fas fa-chevron-right arrow-pink-brd ml-2\"><\/i><\/p>\n    <\/div>\n           <div class=\"card-footer \">\n        <p class=\"black-txt text-xxs mb-0\">\n            23 Aug 2024\n                            <span class=\"mx-2\">|<\/span>By Sarah L\n                    <\/p>\n    <\/div>\n    <\/div>                                            <\/a>\n                <\/div>\n                    <\/div>\n                    <div class=\"text-center py-5\">\n                <a href=\"\" class=\"pink-btn-arrow text-uppercase\">\n                    <div>\n                        <span class=\"icon-container\"><i class=\"fas fa-chevron-right\"><\/i><\/span>\n                        <span class=\"text-container\">Continuez \u00e0 vous informer sur notre blog<\/span>\n                    <\/div>\n                <\/a>\n            <\/div>\n            <\/div>\n","protected":false},"excerpt":{"rendered":"","protected":false},"author":5,"featured_media":11012,"parent":0,"menu_order":98,"comment_status":"closed","ping_status":"closed","template":"page-with-header-and-form.php","meta":{"_acf_changed":false,"footnotes":""},"class_list":["post-11836","page","type-page","status-publish","has-post-thumbnail","hentry"],"acf":[],"yoast_head":"<!-- This site is optimized with the Yoast SEO Premium plugin v27.3 (Yoast SEO v27.3) - https:\/\/yoast.com\/product\/yoast-seo-premium-wordpress\/ -->\n<title>D\u00e9couvrez - Unicaf - Scholarship Programme<\/title>\n<meta name=\"robots\" content=\"index, follow, max-snippet:-1, max-image-preview:large, max-video-preview:-1\" \/>\n<link rel=\"canonical\" href=\"https:\/\/www.unicaf.org\/fr\/discover\/\" \/>\n<meta property=\"og:locale\" content=\"fr_FR\" \/>\n<meta property=\"og:type\" content=\"article\" \/>\n<meta property=\"og:title\" content=\"D\u00e9couvrez\" \/>\n<meta property=\"og:url\" content=\"https:\/\/www.unicaf.org\/fr\/discover\/\" \/>\n<meta property=\"og:site_name\" content=\"Unicaf - Scholarship Programme\" \/>\n<meta property=\"article:publisher\" content=\"https:\/\/www.facebook.com\/UNICAF\" \/>\n<meta property=\"article:modified_time\" content=\"2022-01-17T13:38:04+00:00\" \/>\n<meta property=\"og:image\" content=\"https:\/\/cdn.unicaf.org\/websites\/unicaf\/wp-content\/uploads\/2021\/07\/DISCOVER.jpg\" \/>\n\t<meta property=\"og:image:width\" content=\"1920\" \/>\n\t<meta property=\"og:image:height\" content=\"1080\" \/>\n\t<meta property=\"og:image:type\" content=\"image\/jpeg\" \/>\n<meta name=\"twitter:card\" content=\"summary_large_image\" \/>\n<meta name=\"twitter:site\" content=\"@Unicaforg\" \/>\n<script type=\"application\/ld+json\" class=\"yoast-schema-graph\">{\"@context\":\"https:\\\/\\\/schema.org\",\"@graph\":[{\"@type\":\"WebPage\",\"@id\":\"https:\\\/\\\/www.unicaf.org\\\/fr\\\/discover\\\/\",\"url\":\"https:\\\/\\\/www.unicaf.org\\\/fr\\\/discover\\\/\",\"name\":\"D\u00e9couvrez - Unicaf - Scholarship Programme\",\"isPartOf\":{\"@id\":\"https:\\\/\\\/www.unicaf.org\\\/#website\"},\"primaryImageOfPage\":{\"@id\":\"https:\\\/\\\/www.unicaf.org\\\/fr\\\/discover\\\/#primaryimage\"},\"image\":{\"@id\":\"https:\\\/\\\/www.unicaf.org\\\/fr\\\/discover\\\/#primaryimage\"},\"thumbnailUrl\":\"https:\\\/\\\/cdn.unicaf.org\\\/websites\\\/unicaf\\\/wp-content\\\/uploads\\\/2021\\\/07\\\/DISCOVER.jpg\",\"datePublished\":\"2020-08-28T06:29:55+00:00\",\"dateModified\":\"2022-01-17T13:38:04+00:00\",\"inLanguage\":\"fr-FR\",\"potentialAction\":[{\"@type\":\"ReadAction\",\"target\":[\"https:\\\/\\\/www.unicaf.org\\\/fr\\\/discover\\\/\"]}]},{\"@type\":\"ImageObject\",\"inLanguage\":\"fr-FR\",\"@id\":\"https:\\\/\\\/www.unicaf.org\\\/fr\\\/discover\\\/#primaryimage\",\"url\":\"https:\\\/\\\/cdn.unicaf.org\\\/websites\\\/unicaf\\\/wp-content\\\/uploads\\\/2021\\\/07\\\/DISCOVER.jpg\",\"contentUrl\":\"https:\\\/\\\/cdn.unicaf.org\\\/websites\\\/unicaf\\\/wp-content\\\/uploads\\\/2021\\\/07\\\/DISCOVER.jpg\",\"width\":1920,\"height\":1080},{\"@type\":\"WebSite\",\"@id\":\"https:\\\/\\\/www.unicaf.org\\\/#website\",\"url\":\"https:\\\/\\\/www.unicaf.org\\\/\",\"name\":\"Unicaf - Scholarship Programme\",\"description\":\"Study Online Graduate On Campus\",\"publisher\":{\"@id\":\"https:\\\/\\\/www.unicaf.org\\\/#organization\"},\"potentialAction\":[{\"@type\":\"SearchAction\",\"target\":{\"@type\":\"EntryPoint\",\"urlTemplate\":\"https:\\\/\\\/www.unicaf.org\\\/?s={search_term_string}\"},\"query-input\":{\"@type\":\"PropertyValueSpecification\",\"valueRequired\":true,\"valueName\":\"search_term_string\"}}],\"inLanguage\":\"fr-FR\"},{\"@type\":\"Organization\",\"@id\":\"https:\\\/\\\/www.unicaf.org\\\/#organization\",\"name\":\"Unicaf\",\"url\":\"https:\\\/\\\/www.unicaf.org\\\/\",\"logo\":{\"@type\":\"ImageObject\",\"inLanguage\":\"fr-FR\",\"@id\":\"https:\\\/\\\/www.unicaf.org\\\/#\\\/schema\\\/logo\\\/image\\\/\",\"url\":\"https:\\\/\\\/cdn.unicaf.org\\\/websites\\\/unicaf\\\/wp-content\\\/uploads\\\/2021\\\/03\\\/Unicaf-logo.png\",\"contentUrl\":\"https:\\\/\\\/cdn.unicaf.org\\\/websites\\\/unicaf\\\/wp-content\\\/uploads\\\/2021\\\/03\\\/Unicaf-logo.png\",\"width\":270,\"height\":80,\"caption\":\"Unicaf\"},\"image\":{\"@id\":\"https:\\\/\\\/www.unicaf.org\\\/#\\\/schema\\\/logo\\\/image\\\/\"},\"sameAs\":[\"https:\\\/\\\/www.facebook.com\\\/UNICAF\",\"https:\\\/\\\/x.com\\\/Unicaforg\",\"https:\\\/\\\/www.instagram.com\\\/unicaf_online\",\"https:\\\/\\\/www.linkedin.com\\\/school\\\/5229637\\\/admin\\\/\",\"https:\\\/\\\/www.youtube.com\\\/c\\\/UnicafOrganization\",\"https:\\\/\\\/en.wikipedia.org\\\/wiki\\\/UNICAF\"]}]}<\/script>\n<!-- \/ Yoast SEO Premium plugin. -->","yoast_head_json":{"title":"D\u00e9couvrez - Unicaf - Scholarship Programme","robots":{"index":"index","follow":"follow","max-snippet":"max-snippet:-1","max-image-preview":"max-image-preview:large","max-video-preview":"max-video-preview:-1"},"canonical":"https:\/\/www.unicaf.org\/fr\/discover\/","og_locale":"fr_FR","og_type":"article","og_title":"D\u00e9couvrez","og_url":"https:\/\/www.unicaf.org\/fr\/discover\/","og_site_name":"Unicaf - Scholarship Programme","article_publisher":"https:\/\/www.facebook.com\/UNICAF","article_modified_time":"2022-01-17T13:38:04+00:00","og_image":[{"width":1920,"height":1080,"url":"https:\/\/cdn.unicaf.org\/websites\/unicaf\/wp-content\/uploads\/2021\/07\/DISCOVER.jpg","type":"image\/jpeg"}],"twitter_card":"summary_large_image","twitter_site":"@Unicaforg","schema":{"@context":"https:\/\/schema.org","@graph":[{"@type":"WebPage","@id":"https:\/\/www.unicaf.org\/fr\/discover\/","url":"https:\/\/www.unicaf.org\/fr\/discover\/","name":"D\u00e9couvrez - Unicaf - Scholarship Programme","isPartOf":{"@id":"https:\/\/www.unicaf.org\/#website"},"primaryImageOfPage":{"@id":"https:\/\/www.unicaf.org\/fr\/discover\/#primaryimage"},"image":{"@id":"https:\/\/www.unicaf.org\/fr\/discover\/#primaryimage"},"thumbnailUrl":"https:\/\/cdn.unicaf.org\/websites\/unicaf\/wp-content\/uploads\/2021\/07\/DISCOVER.jpg","datePublished":"2020-08-28T06:29:55+00:00","dateModified":"2022-01-17T13:38:04+00:00","inLanguage":"fr-FR","potentialAction":[{"@type":"ReadAction","target":["https:\/\/www.unicaf.org\/fr\/discover\/"]}]},{"@type":"ImageObject","inLanguage":"fr-FR","@id":"https:\/\/www.unicaf.org\/fr\/discover\/#primaryimage","url":"https:\/\/cdn.unicaf.org\/websites\/unicaf\/wp-content\/uploads\/2021\/07\/DISCOVER.jpg","contentUrl":"https:\/\/cdn.unicaf.org\/websites\/unicaf\/wp-content\/uploads\/2021\/07\/DISCOVER.jpg","width":1920,"height":1080},{"@type":"WebSite","@id":"https:\/\/www.unicaf.org\/#website","url":"https:\/\/www.unicaf.org\/","name":"Unicaf - Scholarship Programme","description":"Study Online Graduate On Campus","publisher":{"@id":"https:\/\/www.unicaf.org\/#organization"},"potentialAction":[{"@type":"SearchAction","target":{"@type":"EntryPoint","urlTemplate":"https:\/\/www.unicaf.org\/?s={search_term_string}"},"query-input":{"@type":"PropertyValueSpecification","valueRequired":true,"valueName":"search_term_string"}}],"inLanguage":"fr-FR"},{"@type":"Organization","@id":"https:\/\/www.unicaf.org\/#organization","name":"Unicaf","url":"https:\/\/www.unicaf.org\/","logo":{"@type":"ImageObject","inLanguage":"fr-FR","@id":"https:\/\/www.unicaf.org\/#\/schema\/logo\/image\/","url":"https:\/\/cdn.unicaf.org\/websites\/unicaf\/wp-content\/uploads\/2021\/03\/Unicaf-logo.png","contentUrl":"https:\/\/cdn.unicaf.org\/websites\/unicaf\/wp-content\/uploads\/2021\/03\/Unicaf-logo.png","width":270,"height":80,"caption":"Unicaf"},"image":{"@id":"https:\/\/www.unicaf.org\/#\/schema\/logo\/image\/"},"sameAs":["https:\/\/www.facebook.com\/UNICAF","https:\/\/x.com\/Unicaforg","https:\/\/www.instagram.com\/unicaf_online","https:\/\/www.linkedin.com\/school\/5229637\/admin\/","https:\/\/www.youtube.com\/c\/UnicafOrganization","https:\/\/en.wikipedia.org\/wiki\/UNICAF"]}]}},"_links":{"self":[{"href":"https:\/\/www.unicaf.org\/fr\/wp-json\/wp\/v2\/pages\/11836","targetHints":{"allow":["GET"]}}],"collection":[{"href":"https:\/\/www.unicaf.org\/fr\/wp-json\/wp\/v2\/pages"}],"about":[{"href":"https:\/\/www.unicaf.org\/fr\/wp-json\/wp\/v2\/types\/page"}],"author":[{"embeddable":true,"href":"https:\/\/www.unicaf.org\/fr\/wp-json\/wp\/v2\/users\/5"}],"replies":[{"embeddable":true,"href":"https:\/\/www.unicaf.org\/fr\/wp-json\/wp\/v2\/comments?post=11836"}],"version-history":[{"count":6,"href":"https:\/\/www.unicaf.org\/fr\/wp-json\/wp\/v2\/pages\/11836\/revisions"}],"predecessor-version":[{"id":15023,"href":"https:\/\/www.unicaf.org\/fr\/wp-json\/wp\/v2\/pages\/11836\/revisions\/15023"}],"wp:featuredmedia":[{"embeddable":true,"href":"https:\/\/www.unicaf.org\/fr\/wp-json\/wp\/v2\/media\/11012"}],"wp:attachment":[{"href":"https:\/\/www.unicaf.org\/fr\/wp-json\/wp\/v2\/media?parent=11836"}],"curies":[{"name":"wp","href":"https:\/\/api.w.org\/{rel}","templated":true}]}}