{"id":11829,"date":"2020-10-15T05:53:04","date_gmt":"2020-10-15T05:53:04","guid":{"rendered":"https:\/\/www.unicaf.org\/study\/professional-development\/"},"modified":"2022-05-10T13:55:42","modified_gmt":"2022-05-10T10:55:42","slug":"professional-courses","status":"publish","type":"page","link":"https:\/\/www.unicaf.org\/fr\/study\/professional-courses\/","title":{"rendered":"Cours professionnels"},"content":{"rendered":"<div class=\"container\" id=\"title-subtitle-content\">\n    <h1 class=\"bold\"><\/h1>\n    <p class=\"subtitle semi-bold\"> <\/p>\n    <div class=\"wysiwyg-editor-body\">\n        <h2 style=\"text-align: center;\"><span data-sheets-value=\"{&quot;1&quot;:2,&quot;2&quot;:&quot;Cours professionnels Unicaf : Le chemin vers l'emploi de vos r\u00eaves !&quot;}\" data-sheets-userformat=\"{&quot;2&quot;:15297,&quot;3&quot;:{&quot;1&quot;:0},&quot;9&quot;:0,&quot;10&quot;:0,&quot;11&quot;:4,&quot;12&quot;:0,&quot;14&quot;:{&quot;1&quot;:3,&quot;3&quot;:1},&quot;15&quot;:&quot;Arial&quot;,&quot;16&quot;:10}\">Cours professionnels Unicaf : Le chemin <strong>vers<\/strong> l&#8217;emploi de vos r\u00eaves !<\/span><\/h2>\n\n    <\/div>\n            <div class=\"col-sm-12 px-0 py-5\">\n            <a href=\"https:\/\/courses.unicaf.org\/courses\" target=\"_blank\" class=\"pink-btn-arrow text-uppercase\">\n                <div>\n                    <span class=\"icon-container\"><i class=\"fas fa-chevron-right\"><\/i><\/span>\n                    <span class=\"text-container\">Consultez nos cours de courte dur\u00e9e et nos offres (en anglais)<\/span>\n                <\/div>\n            <\/a>\n        <\/div>\n    <\/div>\n\n\n<div class=\"container\" id=\"title-subtitle-content\">\n    <h1 class=\"bold\"><\/h1>\n    <p class=\"subtitle semi-bold\"> <\/p>\n    <div class=\"wysiwyg-editor-body\">\n        <h3 style=\"text-align: center;\"><\/h3>\n<p><span data-sheets-value=\"{&quot;1&quot;:2,&quot;2&quot;:&quot;Que vous soyez un professionnel en d\u00e9but de carri\u00e8re ou un cadre chevronn\u00e9 cherchant \u00e0 am\u00e9liorer vos connaissances professionnelles et vos perspectives de carri\u00e8re, nous vous proposons des cours de d\u00e9veloppement ax\u00e9s sur l'aquisition de nouvelles comp\u00e9tences . Les cours professionnels Unicaf propose des cours de commerce \u00e0 fort impact qui peuvent \u00eatre utilis\u00e9s comme des exp\u00e9riences d'apprentissage autonomes ou comme une composante d'un plan de d\u00e9veloppement pour votre prochain emploi.&quot;}\" data-sheets-userformat=\"{&quot;2&quot;:15297,&quot;3&quot;:{&quot;1&quot;:0},&quot;9&quot;:0,&quot;10&quot;:0,&quot;11&quot;:4,&quot;12&quot;:0,&quot;14&quot;:{&quot;1&quot;:3,&quot;3&quot;:1},&quot;15&quot;:&quot;Arial&quot;,&quot;16&quot;:10}\">Que vous soyez un professionnel en d\u00e9but de carri\u00e8re ou un cadre chevronn\u00e9 cherchant \u00e0 am\u00e9liorer vos connaissances professionnelles et vos perspectives de carri\u00e8re, nous vous proposons des cours de d\u00e9veloppement ax\u00e9s sur l&#8217;aquisition de nouvelles comp\u00e9tences . Les cours professionnels Unicaf propose des cours de commerce \u00e0 fort impact qui peuvent \u00eatre utilis\u00e9s comme des exp\u00e9riences d&#8217;apprentissage autonomes ou comme une composante d&#8217;un plan de d\u00e9veloppement pour votre prochain emploi.<\/span><\/p>\n<h3 style=\"text-align: center;\"><\/h3>\n<p>&nbsp;<\/p>\n<h3 style=\"text-align: center;\"><span data-sheets-value=\"{&quot;1&quot;:2,&quot;2&quot;:&quot;\u00ab Il n'y a aucune passion \u00e0 jouer petit, \u00e0 se contenter d'une vie inf\u00e9rieure \u00e0 celle que vous \u00eates capable de vivre \u00bb. Nelson Mandela&quot;}\" data-sheets-userformat=\"{&quot;2&quot;:15297,&quot;3&quot;:{&quot;1&quot;:0},&quot;9&quot;:0,&quot;10&quot;:0,&quot;11&quot;:4,&quot;12&quot;:0,&quot;14&quot;:{&quot;1&quot;:3,&quot;3&quot;:1},&quot;15&quot;:&quot;Arial&quot;,&quot;16&quot;:10}\">\u00ab Il n&#8217;y a aucune passion \u00e0 jouer petit, \u00e0 se contenter d&#8217;une vie inf\u00e9rieure<\/span><\/h3>\n<h3 style=\"text-align: center;\"><span data-sheets-value=\"{&quot;1&quot;:2,&quot;2&quot;:&quot;\u00ab Il n'y a aucune passion \u00e0 jouer petit, \u00e0 se contenter d'une vie inf\u00e9rieure \u00e0 celle que vous \u00eates capable de vivre \u00bb. Nelson Mandela&quot;}\" data-sheets-userformat=\"{&quot;2&quot;:15297,&quot;3&quot;:{&quot;1&quot;:0},&quot;9&quot;:0,&quot;10&quot;:0,&quot;11&quot;:4,&quot;12&quot;:0,&quot;14&quot;:{&quot;1&quot;:3,&quot;3&quot;:1},&quot;15&quot;:&quot;Arial&quot;,&quot;16&quot;:10}\">\u00e0 celle que vous \u00eates capable de vivre \u00bb. Nelson Mandela<\/span><\/h3>\n<p>&nbsp;<\/p>\n<p>&nbsp;<\/p>\n\n    <\/div>\n    <\/div>\n\n\n<div class=\"container-fluid pt-5 pink-bg\">\n    <div class=\"image-text container\">\n        <h2 class=\"bold mb-5 white-txt\">Les piliers de nos formations courtes<\/h2>\n                    <div class=\"row\">\n                                    <div class=\"col-12 col-md-4 p-4 benefit\">\n                        <img alt=\"professional courses\" data-src=\"https:\/\/cdn.unicaf.org\/websites\/unicaf\/wp-content\/uploads\/2020\/11\/computer@2x.png\" class=\"lozad\">\n                        <h3 class=\"benefit-title bold white-txt\">Accessibilit\u00e9<\/h3>\n                                            <\/div>\n                                    <div class=\"col-12 col-md-4 p-4 benefit\">\n                        <img alt=\"professional courses\" data-src=\"https:\/\/cdn.unicaf.org\/websites\/unicaf\/wp-content\/uploads\/2020\/11\/blackboard-2@2x.png\" class=\"lozad\">\n                        <h3 class=\"benefit-title bold white-txt\">Flexibilit\u00e9<\/h3>\n                                            <\/div>\n                                    <div class=\"col-12 col-md-4 p-4 benefit\">\n                        <img alt=\"\" data-src=\"https:\/\/cdn.unicaf.org\/websites\/unicaf\/wp-content\/uploads\/2020\/11\/computer-1@2x.png\" class=\"lozad\">\n                        <h3 class=\"benefit-title bold white-txt\">Cr\u00e9dibilit\u00e9<\/h3>\n                                            <\/div>\n                                    <div class=\"col-12 col-md-4 p-4 benefit\">\n                        <img alt=\"\" data-src=\"https:\/\/cdn.unicaf.org\/websites\/unicaf\/wp-content\/uploads\/2020\/11\/calendar-1@2x.png\" class=\"lozad\">\n                        <h3 class=\"benefit-title bold white-txt\">Abordabilit\u00e9<\/h3>\n                                            <\/div>\n                            <\/div>\n            <\/div>\n<\/div>\n\n\n\n<p><\/p>\n","protected":false},"excerpt":{"rendered":"","protected":false},"author":5,"featured_media":10986,"parent":11818,"menu_order":94,"comment_status":"closed","ping_status":"closed","template":"page-with-header.php","meta":{"_acf_changed":false,"footnotes":""},"class_list":["post-11829","page","type-page","status-publish","has-post-thumbnail","hentry"],"acf":[],"yoast_head":"<!-- This site is optimized with the Yoast SEO Premium plugin v26.7 (Yoast SEO v26.7) - https:\/\/yoast.com\/wordpress\/plugins\/seo\/ -->\n<title>Professional Courses | Unicaf Scholarship Programme<\/title>\n<meta name=\"description\" content=\"Accelerate your career with our affordable professional short courses. Increase your career opportunities and gain useful skills.\" \/>\n<meta name=\"robots\" content=\"index, follow, max-snippet:-1, max-image-preview:large, max-video-preview:-1\" \/>\n<link rel=\"canonical\" href=\"https:\/\/www.unicaf.org\/fr\/study\/professional-courses\/\" \/>\n<meta property=\"og:locale\" content=\"fr_FR\" \/>\n<meta property=\"og:type\" content=\"article\" \/>\n<meta property=\"og:title\" content=\"Cours professionnels\" \/>\n<meta property=\"og:description\" content=\"Accelerate your career with our affordable professional short courses. Increase your career opportunities and gain useful skills.\" \/>\n<meta property=\"og:url\" content=\"https:\/\/www.unicaf.org\/fr\/study\/professional-courses\/\" \/>\n<meta property=\"og:site_name\" content=\"Unicaf - Scholarship Programme\" \/>\n<meta property=\"article:publisher\" content=\"https:\/\/www.facebook.com\/UNICAF\" \/>\n<meta property=\"article:modified_time\" content=\"2022-05-10T10:55:42+00:00\" \/>\n<meta property=\"og:image\" content=\"https:\/\/cdn.unicaf.org\/websites\/unicaf\/wp-content\/uploads\/2021\/07\/PROFESSIONAL-DEVELOPMENT.png\" \/>\n\t<meta property=\"og:image:width\" content=\"1920\" \/>\n\t<meta property=\"og:image:height\" content=\"420\" \/>\n\t<meta property=\"og:image:type\" content=\"image\/png\" \/>\n<meta name=\"twitter:card\" content=\"summary_large_image\" \/>\n<meta name=\"twitter:title\" content=\"Professional Development Short Courses\" \/>\n<meta name=\"twitter:site\" content=\"@Unicaforg\" \/>\n<script type=\"application\/ld+json\" class=\"yoast-schema-graph\">{\"@context\":\"https:\/\/schema.org\",\"@graph\":[{\"@type\":\"WebPage\",\"@id\":\"https:\/\/www.unicaf.org\/fr\/study\/professional-courses\/\",\"url\":\"https:\/\/www.unicaf.org\/fr\/study\/professional-courses\/\",\"name\":\"Professional Courses | Unicaf Scholarship Programme\",\"isPartOf\":{\"@id\":\"https:\/\/www.unicaf.org\/#website\"},\"primaryImageOfPage\":{\"@id\":\"https:\/\/www.unicaf.org\/fr\/study\/professional-courses\/#primaryimage\"},\"image\":{\"@id\":\"https:\/\/www.unicaf.org\/fr\/study\/professional-courses\/#primaryimage\"},\"thumbnailUrl\":\"https:\/\/cdn.unicaf.org\/websites\/unicaf\/wp-content\/uploads\/2021\/07\/PROFESSIONAL-DEVELOPMENT.png\",\"datePublished\":\"2020-10-15T05:53:04+00:00\",\"dateModified\":\"2022-05-10T10:55:42+00:00\",\"description\":\"Accelerate your career with our affordable professional short courses. Increase your career opportunities and gain useful skills.\",\"breadcrumb\":{\"@id\":\"https:\/\/www.unicaf.org\/fr\/study\/professional-courses\/#breadcrumb\"},\"inLanguage\":\"fr-FR\",\"potentialAction\":[{\"@type\":\"ReadAction\",\"target\":[\"https:\/\/www.unicaf.org\/fr\/study\/professional-courses\/\"]}]},{\"@type\":\"ImageObject\",\"inLanguage\":\"fr-FR\",\"@id\":\"https:\/\/www.unicaf.org\/fr\/study\/professional-courses\/#primaryimage\",\"url\":\"https:\/\/cdn.unicaf.org\/websites\/unicaf\/wp-content\/uploads\/2021\/07\/PROFESSIONAL-DEVELOPMENT.png\",\"contentUrl\":\"https:\/\/cdn.unicaf.org\/websites\/unicaf\/wp-content\/uploads\/2021\/07\/PROFESSIONAL-DEVELOPMENT.png\",\"width\":1920,\"height\":420,\"caption\":\"professional development courses\"},{\"@type\":\"BreadcrumbList\",\"@id\":\"https:\/\/www.unicaf.org\/fr\/study\/professional-courses\/#breadcrumb\",\"itemListElement\":[{\"@type\":\"ListItem\",\"position\":1,\"name\":\"\u00c9tudiez\",\"item\":\"https:\/\/www.unicaf.org\/fr\/study\/\"},{\"@type\":\"ListItem\",\"position\":2,\"name\":\"Cours professionnels\"}]},{\"@type\":\"WebSite\",\"@id\":\"https:\/\/www.unicaf.org\/#website\",\"url\":\"https:\/\/www.unicaf.org\/\",\"name\":\"Unicaf - Scholarship Programme\",\"description\":\"Study Online Graduate On Campus\",\"publisher\":{\"@id\":\"https:\/\/www.unicaf.org\/#organization\"},\"potentialAction\":[{\"@type\":\"SearchAction\",\"target\":{\"@type\":\"EntryPoint\",\"urlTemplate\":\"https:\/\/www.unicaf.org\/?s={search_term_string}\"},\"query-input\":{\"@type\":\"PropertyValueSpecification\",\"valueRequired\":true,\"valueName\":\"search_term_string\"}}],\"inLanguage\":\"fr-FR\"},{\"@type\":\"Organization\",\"@id\":\"https:\/\/www.unicaf.org\/#organization\",\"name\":\"Unicaf\",\"url\":\"https:\/\/www.unicaf.org\/\",\"logo\":{\"@type\":\"ImageObject\",\"inLanguage\":\"fr-FR\",\"@id\":\"https:\/\/www.unicaf.org\/#\/schema\/logo\/image\/\",\"url\":\"https:\/\/cdn.unicaf.org\/websites\/unicaf\/wp-content\/uploads\/2021\/03\/Unicaf-logo.png\",\"contentUrl\":\"https:\/\/cdn.unicaf.org\/websites\/unicaf\/wp-content\/uploads\/2021\/03\/Unicaf-logo.png\",\"width\":270,\"height\":80,\"caption\":\"Unicaf\"},\"image\":{\"@id\":\"https:\/\/www.unicaf.org\/#\/schema\/logo\/image\/\"},\"sameAs\":[\"https:\/\/www.facebook.com\/UNICAF\",\"https:\/\/x.com\/Unicaforg\",\"https:\/\/www.instagram.com\/unicaf_online\",\"https:\/\/www.linkedin.com\/school\/5229637\/admin\/\",\"https:\/\/www.youtube.com\/c\/UnicafOrganization\",\"https:\/\/en.wikipedia.org\/wiki\/UNICAF\"]}]}<\/script>\n<!-- \/ Yoast SEO Premium plugin. -->","yoast_head_json":{"title":"Professional Courses | Unicaf Scholarship Programme","description":"Accelerate your career with our affordable professional short courses. Increase your career opportunities and gain useful skills.","robots":{"index":"index","follow":"follow","max-snippet":"max-snippet:-1","max-image-preview":"max-image-preview:large","max-video-preview":"max-video-preview:-1"},"canonical":"https:\/\/www.unicaf.org\/fr\/study\/professional-courses\/","og_locale":"fr_FR","og_type":"article","og_title":"Cours professionnels","og_description":"Accelerate your career with our affordable professional short courses. Increase your career opportunities and gain useful skills.","og_url":"https:\/\/www.unicaf.org\/fr\/study\/professional-courses\/","og_site_name":"Unicaf - Scholarship Programme","article_publisher":"https:\/\/www.facebook.com\/UNICAF","article_modified_time":"2022-05-10T10:55:42+00:00","og_image":[{"width":1920,"height":420,"url":"https:\/\/cdn.unicaf.org\/websites\/unicaf\/wp-content\/uploads\/2021\/07\/PROFESSIONAL-DEVELOPMENT.png","type":"image\/png"}],"twitter_card":"summary_large_image","twitter_title":"Professional Development Short Courses","twitter_site":"@Unicaforg","schema":{"@context":"https:\/\/schema.org","@graph":[{"@type":"WebPage","@id":"https:\/\/www.unicaf.org\/fr\/study\/professional-courses\/","url":"https:\/\/www.unicaf.org\/fr\/study\/professional-courses\/","name":"Professional Courses | Unicaf Scholarship Programme","isPartOf":{"@id":"https:\/\/www.unicaf.org\/#website"},"primaryImageOfPage":{"@id":"https:\/\/www.unicaf.org\/fr\/study\/professional-courses\/#primaryimage"},"image":{"@id":"https:\/\/www.unicaf.org\/fr\/study\/professional-courses\/#primaryimage"},"thumbnailUrl":"https:\/\/cdn.unicaf.org\/websites\/unicaf\/wp-content\/uploads\/2021\/07\/PROFESSIONAL-DEVELOPMENT.png","datePublished":"2020-10-15T05:53:04+00:00","dateModified":"2022-05-10T10:55:42+00:00","description":"Accelerate your career with our affordable professional short courses. Increase your career opportunities and gain useful skills.","breadcrumb":{"@id":"https:\/\/www.unicaf.org\/fr\/study\/professional-courses\/#breadcrumb"},"inLanguage":"fr-FR","potentialAction":[{"@type":"ReadAction","target":["https:\/\/www.unicaf.org\/fr\/study\/professional-courses\/"]}]},{"@type":"ImageObject","inLanguage":"fr-FR","@id":"https:\/\/www.unicaf.org\/fr\/study\/professional-courses\/#primaryimage","url":"https:\/\/cdn.unicaf.org\/websites\/unicaf\/wp-content\/uploads\/2021\/07\/PROFESSIONAL-DEVELOPMENT.png","contentUrl":"https:\/\/cdn.unicaf.org\/websites\/unicaf\/wp-content\/uploads\/2021\/07\/PROFESSIONAL-DEVELOPMENT.png","width":1920,"height":420,"caption":"professional development courses"},{"@type":"BreadcrumbList","@id":"https:\/\/www.unicaf.org\/fr\/study\/professional-courses\/#breadcrumb","itemListElement":[{"@type":"ListItem","position":1,"name":"\u00c9tudiez","item":"https:\/\/www.unicaf.org\/fr\/study\/"},{"@type":"ListItem","position":2,"name":"Cours professionnels"}]},{"@type":"WebSite","@id":"https:\/\/www.unicaf.org\/#website","url":"https:\/\/www.unicaf.org\/","name":"Unicaf - Scholarship Programme","description":"Study Online Graduate On Campus","publisher":{"@id":"https:\/\/www.unicaf.org\/#organization"},"potentialAction":[{"@type":"SearchAction","target":{"@type":"EntryPoint","urlTemplate":"https:\/\/www.unicaf.org\/?s={search_term_string}"},"query-input":{"@type":"PropertyValueSpecification","valueRequired":true,"valueName":"search_term_string"}}],"inLanguage":"fr-FR"},{"@type":"Organization","@id":"https:\/\/www.unicaf.org\/#organization","name":"Unicaf","url":"https:\/\/www.unicaf.org\/","logo":{"@type":"ImageObject","inLanguage":"fr-FR","@id":"https:\/\/www.unicaf.org\/#\/schema\/logo\/image\/","url":"https:\/\/cdn.unicaf.org\/websites\/unicaf\/wp-content\/uploads\/2021\/03\/Unicaf-logo.png","contentUrl":"https:\/\/cdn.unicaf.org\/websites\/unicaf\/wp-content\/uploads\/2021\/03\/Unicaf-logo.png","width":270,"height":80,"caption":"Unicaf"},"image":{"@id":"https:\/\/www.unicaf.org\/#\/schema\/logo\/image\/"},"sameAs":["https:\/\/www.facebook.com\/UNICAF","https:\/\/x.com\/Unicaforg","https:\/\/www.instagram.com\/unicaf_online","https:\/\/www.linkedin.com\/school\/5229637\/admin\/","https:\/\/www.youtube.com\/c\/UnicafOrganization","https:\/\/en.wikipedia.org\/wiki\/UNICAF"]}]}},"_links":{"self":[{"href":"https:\/\/www.unicaf.org\/fr\/wp-json\/wp\/v2\/pages\/11829","targetHints":{"allow":["GET"]}}],"collection":[{"href":"https:\/\/www.unicaf.org\/fr\/wp-json\/wp\/v2\/pages"}],"about":[{"href":"https:\/\/www.unicaf.org\/fr\/wp-json\/wp\/v2\/types\/page"}],"author":[{"embeddable":true,"href":"https:\/\/www.unicaf.org\/fr\/wp-json\/wp\/v2\/users\/5"}],"replies":[{"embeddable":true,"href":"https:\/\/www.unicaf.org\/fr\/wp-json\/wp\/v2\/comments?post=11829"}],"version-history":[{"count":30,"href":"https:\/\/www.unicaf.org\/fr\/wp-json\/wp\/v2\/pages\/11829\/revisions"}],"predecessor-version":[{"id":15008,"href":"https:\/\/www.unicaf.org\/fr\/wp-json\/wp\/v2\/pages\/11829\/revisions\/15008"}],"up":[{"embeddable":true,"href":"https:\/\/www.unicaf.org\/fr\/wp-json\/wp\/v2\/pages\/11818"}],"wp:featuredmedia":[{"embeddable":true,"href":"https:\/\/www.unicaf.org\/fr\/wp-json\/wp\/v2\/media\/10986"}],"wp:attachment":[{"href":"https:\/\/www.unicaf.org\/fr\/wp-json\/wp\/v2\/media?parent=11829"}],"curies":[{"name":"wp","href":"https:\/\/api.w.org\/{rel}","templated":true}]}}