{"id":11793,"date":"2020-09-10T13:07:07","date_gmt":"2020-09-10T13:07:07","guid":{"rendered":"https:\/\/www.unicaf.org\/about\/unicaf-about-us\/"},"modified":"2026-04-20T13:59:44","modified_gmt":"2026-04-20T10:59:44","slug":"unicaf-about-us","status":"publish","type":"page","link":"https:\/\/www.unicaf.org\/fr\/a-propos\/unicaf-about-us\/","title":{"rendered":"Qui sommes-nous ?"},"content":{"rendered":"<div class=\"container\" id=\"title-subtitle-content\">\n    <h1 class=\"bold\"><\/h1>\n    <p class=\"subtitle semi-bold\"> <\/p>\n    <div class=\"wysiwyg-editor-body\">\n        \n    <\/div>\n    <\/div>\n\n\n<div class=\"container-fluid px-0 \">\n    <div class=\"two-col-img-vid container\">\n        <div class=\"row two-col-img-vid-row\">\n                            <div class=\"col-md-12 col-lg-6 img-left-col  position-relative lozad\"\n                    data-background-image=\"https:\/\/cdn.unicaf.org\/websites\/unicaf\/wp-content\/uploads\/2021\/07\/Unicaf-International-Conferences-1-1024x575.jpg\">\n                                            <a href=\"https:\/\/www.youtube.com\/watch?v=dxr4u-FvuXk\" data-video-id=\"dxr4u-FvuXk\" class=\"rounded-circle position-absolute play-btn\"\n    onclick=\"event.preventDefault();return play_video_in_modal(this);\" aria-label=\"Play video\"><i class=\"fas fa-play\"><\/i><\/a>\n                                                                <div class=\"divider divider-side right d-none d-md-block \"><\/div>\n                                    <\/div>\n                        <div class=\"col-md-12 col-lg-6 two-col-img-vid-content py-5 px-md-5 \">\n                <h2 class=\"bold mb-4 \">Notre mission<\/h2>\n                                    <div class=\"mb-4  \">\n                        <p>Contribuer positivement au d\u00e9veloppement \u00e9ducatif, \u00e9conomique et durable des communaut\u00e9s locales et de la r\u00e9gion dans son ensemble, en proposant des programmes \u00e9ducatifs accessibles et reconnus au niveau international, ax\u00e9s sur le d\u00e9veloppement des comp\u00e9tences professionnelles.<\/p>\n\n                    <\/div>\n                                                <\/div>\n                    <\/div>\n    <\/div>\n<\/div>\n\n\n<div class=\"container-fluid px-0 \">\n    <div class=\"two-col-img-vid container\">\n        <div class=\"row two-col-img-vid-row\">\n                        <div class=\"col-md-12 col-lg-6 two-col-img-vid-content py-5 px-md-5 \">\n                <h2 class=\"bold mb-4 \">Notre vision<\/h2>\n                                    <div class=\"mb-4  \">\n                        <p>Devenir le premier acteur responsable et durable de l&#8217;enseignement sup\u00e9rieur, en combinant l&#8217;apprentissage en ligne et d&#8217;enseignement en pr\u00e9sentiel. Contribuer \u00e0 la recherche universitaire et aux pratiques professionnelles qui servent les int\u00e9r\u00eats des communaut\u00e9s locales dans les pays o\u00f9 nous sommes pr\u00e9sents et l&#8217;agenda environnemental mondial.<\/p>\n\n                    <\/div>\n                                                <\/div>\n                            <div class=\"col-md-12 col-lg-6 img-right-col img-brd-rad-10 position-relative lozad\"\n                    data-background-image=\"https:\/\/cdn.unicaf.org\/websites\/unicaf\/wp-content\/uploads-new\/2026\/04\/smiling-man-outdoors-1.jpg\" style=\"\">\n                                                        <\/div>\n                    <\/div>\n    <\/div>\n<\/div>\n\n\n\n\n    <div class=\"latest-blogs mt-5\">\n                <h2 class=\"latest-blogs-title bold\">Apprenez sur notre blog<\/h2>\n                <div class=\"row\">\n                            <div class=\"col-12 col-md-6\">\n                    <a href=\"https:\/\/www.unicaf.org\/fr\/un-master-en-administration-des-affaires-mba\/\" class=\"blog-cardbox-link img-transform\">\n                                                    <div class=\"blog-cardbox-first\">\n                                                                <div class=\"card lozad\" data-background-image=\"https:\/\/cdn.unicaf.org\/websites\/unicaf\/wp-content\/uploads\/2024\/11\/MBA.jpg\">\n                                    <div class=\"card-body blog-cardbox-body\">\n                                        \n                                        <div class=\"badge badge-custom badge-pink mb-3\">G\u00e9n\u00e9ral<\/div>\n                                        <p class=\"semi-bold white-txt\">Un master en administration des affaires (MBA) &#8211; G\u00e9n\u00e9ral avec l&#8217;universit\u00e9 Unicaf\n                                            <i class=\"fas fa-chevron-right arrow-white-brd white-txt\"><\/i>\n                                        <\/p>\n                                        <p class=\"white-txt text-xs mb-0\">\n                                            14 Nov 2024\n                                                                                            <span class=\"mx-2\">|<\/span>By Sarah L\n                                                                                    <\/p>\n                                    <\/div>\n                                <\/div>\n                            <\/div>\n                                            <\/a>\n                <\/div>\n                            <div class=\"col-12 col-md-3 \">\n                    <a href=\"https:\/\/www.unicaf.org\/fr\/les-femmes-africaines-a-l-avant-garde-des-stim\/\" class=\"blog-cardbox-link img-transform\">\n                                                    <div class=\"card h-100 posts-cardbox shadow\">\n        <div class=\"card-img-container blog-card-img-container\">\n                    <img loading=\"lazy\" decoding=\"async\" width=\"300\" height=\"155\" src=\"https:\/\/cdn.unicaf.org\/websites\/unicaf\/wp-content\/uploads\/2024\/08\/Breaking-Barriers-African-Women-300x155.jpg\" class=\"blog-card-img-top img-transition\" alt=\"Briser les barri\u00e8res : Les femmes africaines \u00e0 l&#8217;avant-garde des STIM\" srcset=\"https:\/\/cdn.unicaf.org\/websites\/unicaf\/wp-content\/uploads\/2024\/08\/Breaking-Barriers-African-Women-300x155.jpg 300w, https:\/\/cdn.unicaf.org\/websites\/unicaf\/wp-content\/uploads\/2024\/08\/Breaking-Barriers-African-Women-1024x529.jpg 1024w, https:\/\/cdn.unicaf.org\/websites\/unicaf\/wp-content\/uploads\/2024\/08\/Breaking-Barriers-African-Women-768x397.jpg 768w, https:\/\/cdn.unicaf.org\/websites\/unicaf\/wp-content\/uploads\/2024\/08\/Breaking-Barriers-African-Women-400x207.jpg 400w, https:\/\/cdn.unicaf.org\/websites\/unicaf\/wp-content\/uploads\/2024\/08\/Breaking-Barriers-African-Women.jpg 1200w\" sizes=\"auto, (max-width: 300px) 100vw, 300px\" \/>\n            <\/div>\n    <div class=\"card-body\">\n                <div class=\"badge badge-pill badge-pink text-xs regular mb-3\">\n            <span class=\"pink-txt\">G\u00e9n\u00e9ral<\/span>\n        <\/div>\n        <p class=\"card-title black-txt text-sm semi-bold\">Briser les barri\u00e8res : Les femmes africaines \u00e0 l&#8217;avant-garde des STIM<i class=\"fas fa-chevron-right arrow-pink-brd ml-2\"><\/i><\/p>\n    <\/div>\n           <div class=\"card-footer \">\n        <p class=\"black-txt text-xxs mb-0\">\n            23 Aug 2024\n                            <span class=\"mx-2\">|<\/span>By Sarah L\n                    <\/p>\n    <\/div>\n    <\/div>                                            <\/a>\n                <\/div>\n                            <div class=\"col-12 col-md-3 \">\n                    <a href=\"https:\/\/www.unicaf.org\/fr\/entrepreneuriat-en-afrique-le-role-d-unicaf\/\" class=\"blog-cardbox-link img-transform\">\n                                                    <div class=\"card h-100 posts-cardbox shadow\">\n        <div class=\"card-img-container blog-card-img-container\">\n                    <img loading=\"lazy\" decoding=\"async\" width=\"300\" height=\"155\" src=\"https:\/\/cdn.unicaf.org\/websites\/unicaf\/wp-content\/uploads\/2024\/08\/Entrepreneurship-300x155.jpg\" class=\"blog-card-img-top img-transition\" alt=\"Entrepreneuriat en Afrique : le r\u00f4le d&#8217;Unicaf\" srcset=\"https:\/\/cdn.unicaf.org\/websites\/unicaf\/wp-content\/uploads\/2024\/08\/Entrepreneurship-300x155.jpg 300w, https:\/\/cdn.unicaf.org\/websites\/unicaf\/wp-content\/uploads\/2024\/08\/Entrepreneurship-1024x529.jpg 1024w, https:\/\/cdn.unicaf.org\/websites\/unicaf\/wp-content\/uploads\/2024\/08\/Entrepreneurship-768x397.jpg 768w, https:\/\/cdn.unicaf.org\/websites\/unicaf\/wp-content\/uploads\/2024\/08\/Entrepreneurship-400x207.jpg 400w, https:\/\/cdn.unicaf.org\/websites\/unicaf\/wp-content\/uploads\/2024\/08\/Entrepreneurship.jpg 1200w\" sizes=\"auto, (max-width: 300px) 100vw, 300px\" \/>\n            <\/div>\n    <div class=\"card-body\">\n                <div class=\"badge badge-pill badge-pink text-xs regular mb-3\">\n            <span class=\"pink-txt\">G\u00e9n\u00e9ral<\/span>\n        <\/div>\n        <p class=\"card-title black-txt text-sm semi-bold\">Entrepreneuriat en Afrique : le r\u00f4le d&#8217;Unicaf<i class=\"fas fa-chevron-right arrow-pink-brd ml-2\"><\/i><\/p>\n    <\/div>\n           <div class=\"card-footer \">\n        <p class=\"black-txt text-xxs mb-0\">\n            23 Aug 2024\n                            <span class=\"mx-2\">|<\/span>By Sarah L\n                    <\/p>\n    <\/div>\n    <\/div>                                            <\/a>\n                <\/div>\n                    <\/div>\n                    <div class=\"text-center py-5\">\n                <a href=\"https:\/\/www.unicaf.org\/fr\/discover-connect-blog\/\" class=\"pink-btn-arrow text-uppercase\">\n                    <div>\n                        <span class=\"icon-container\"><i class=\"fas fa-chevron-right\"><\/i><\/span>\n                        <span class=\"text-container\">Continuez \u00e0 apprendre sur notre blog<\/span>\n                    <\/div>\n                <\/a>\n            <\/div>\n            <\/div>\n","protected":false},"excerpt":{"rendered":"","protected":false},"author":5,"featured_media":35312,"parent":11784,"menu_order":53,"comment_status":"closed","ping_status":"closed","template":"page-with-header.php","meta":{"_acf_changed":false,"footnotes":""},"class_list":["post-11793","page","type-page","status-publish","has-post-thumbnail","hentry"],"acf":[],"yoast_head":"<!-- This site is optimized with the Yoast SEO Premium plugin v27.3 (Yoast SEO v27.3) - https:\/\/yoast.com\/product\/yoast-seo-premium-wordpress\/ -->\n<title>\u00c9ducation Accessible Afrique - Unicaf<\/title>\n<meta name=\"description\" content=\"Unicaf est une universit\u00e9 panafricaine ind\u00e9pendante offrant des dipl\u00f4mes de qualit\u00e9 internationale en ligne et en pr\u00e9sentiel, avec plus de 100 millions de dollars en bourses attribu\u00e9es.\" \/>\n<meta name=\"robots\" content=\"index, follow, max-snippet:-1, max-image-preview:large, max-video-preview:-1\" \/>\n<link rel=\"canonical\" href=\"https:\/\/www.unicaf.org\/fr\/a-propos\/unicaf-about-us\/\" \/>\n<meta property=\"og:locale\" content=\"fr_FR\" \/>\n<meta property=\"og:type\" content=\"article\" \/>\n<meta property=\"og:title\" content=\"Qui sommes-nous ?\" \/>\n<meta property=\"og:description\" content=\"Unicaf est une universit\u00e9 panafricaine ind\u00e9pendante offrant des dipl\u00f4mes de qualit\u00e9 internationale en ligne et en pr\u00e9sentiel, avec plus de 100 millions de dollars en bourses attribu\u00e9es.\" \/>\n<meta property=\"og:url\" content=\"https:\/\/www.unicaf.org\/fr\/a-propos\/unicaf-about-us\/\" \/>\n<meta property=\"og:site_name\" content=\"Unicaf - Scholarship Programme\" \/>\n<meta property=\"article:publisher\" content=\"https:\/\/www.facebook.com\/UNICAF\" \/>\n<meta property=\"article:modified_time\" content=\"2026-04-20T10:59:44+00:00\" \/>\n<meta property=\"og:image\" content=\"https:\/\/cdn.unicaf.org\/websites\/unicaf\/wp-content\/uploads-new\/2026\/04\/who-we-are-collage-1.jpg?X-Amz-Content-Sha256=UNSIGNED-PAYLOAD&X-Amz-Algorithm=AWS4-HMAC-SHA256&X-Amz-Credential=AKIA2IVWMY5JFWIZTY7Y%2F20260420%2Feu-west-1%2Fs3%2Faws4_request&X-Amz-Date=20260420T105945Z&X-Amz-SignedHeaders=host&X-Amz-Expires=600&X-Amz-Signature=ab13455cdda694afa2af50afff63d557cff85060b9855363d0618c145a8c9fda\" \/>\n\t<meta property=\"og:image:width\" content=\"1400\" \/>\n\t<meta property=\"og:image:height\" content=\"287\" \/>\n\t<meta property=\"og:image:type\" content=\"image\/jpeg\" \/>\n<meta name=\"twitter:card\" content=\"summary_large_image\" \/>\n<meta name=\"twitter:site\" content=\"@Unicaforg\" \/>\n<meta name=\"twitter:label1\" content=\"Est. reading time\" \/>\n\t<meta name=\"twitter:data1\" content=\"3 minutes\" \/>\n<script type=\"application\/ld+json\" class=\"yoast-schema-graph\">{\"@context\":\"https:\\\/\\\/schema.org\",\"@graph\":[{\"@type\":\"WebPage\",\"@id\":\"https:\\\/\\\/www.unicaf.org\\\/fr\\\/a-propos\\\/unicaf-about-us\\\/\",\"url\":\"https:\\\/\\\/www.unicaf.org\\\/fr\\\/a-propos\\\/unicaf-about-us\\\/\",\"name\":\"\u00c9ducation Accessible Afrique - Unicaf\",\"isPartOf\":{\"@id\":\"https:\\\/\\\/www.unicaf.org\\\/#website\"},\"primaryImageOfPage\":{\"@id\":\"https:\\\/\\\/www.unicaf.org\\\/fr\\\/a-propos\\\/unicaf-about-us\\\/#primaryimage\"},\"image\":{\"@id\":\"https:\\\/\\\/www.unicaf.org\\\/fr\\\/a-propos\\\/unicaf-about-us\\\/#primaryimage\"},\"thumbnailUrl\":\"https:\\\/\\\/cdn.unicaf.org\\\/websites\\\/unicaf\\\/wp-content\\\/uploads-new\\\/2026\\\/04\\\/who-we-are-collage-1.jpg\",\"datePublished\":\"2020-09-10T13:07:07+00:00\",\"dateModified\":\"2026-04-20T10:59:44+00:00\",\"description\":\"Unicaf est une universit\u00e9 panafricaine ind\u00e9pendante offrant des dipl\u00f4mes de qualit\u00e9 internationale en ligne et en pr\u00e9sentiel, avec plus de 100 millions de dollars en bourses attribu\u00e9es.\",\"breadcrumb\":{\"@id\":\"https:\\\/\\\/www.unicaf.org\\\/fr\\\/a-propos\\\/unicaf-about-us\\\/#breadcrumb\"},\"inLanguage\":\"fr-FR\",\"potentialAction\":[{\"@type\":\"ReadAction\",\"target\":[\"https:\\\/\\\/www.unicaf.org\\\/fr\\\/a-propos\\\/unicaf-about-us\\\/\"]}]},{\"@type\":\"ImageObject\",\"inLanguage\":\"fr-FR\",\"@id\":\"https:\\\/\\\/www.unicaf.org\\\/fr\\\/a-propos\\\/unicaf-about-us\\\/#primaryimage\",\"url\":\"https:\\\/\\\/cdn.unicaf.org\\\/websites\\\/unicaf\\\/wp-content\\\/uploads-new\\\/2026\\\/04\\\/who-we-are-collage-1.jpg\",\"contentUrl\":\"https:\\\/\\\/cdn.unicaf.org\\\/websites\\\/unicaf\\\/wp-content\\\/uploads-new\\\/2026\\\/04\\\/who-we-are-collage-1.jpg\",\"width\":1400,\"height\":287,\"caption\":\"Several photos from our students.\"},{\"@type\":\"BreadcrumbList\",\"@id\":\"https:\\\/\\\/www.unicaf.org\\\/fr\\\/a-propos\\\/unicaf-about-us\\\/#breadcrumb\",\"itemListElement\":[{\"@type\":\"ListItem\",\"position\":1,\"name\":\"\u00c0 propos\",\"item\":\"https:\\\/\\\/www.unicaf.org\\\/fr\\\/a-propos\\\/\"},{\"@type\":\"ListItem\",\"position\":2,\"name\":\"30\"}]},{\"@type\":\"WebSite\",\"@id\":\"https:\\\/\\\/www.unicaf.org\\\/#website\",\"url\":\"https:\\\/\\\/www.unicaf.org\\\/\",\"name\":\"Unicaf - Scholarship Programme\",\"description\":\"Study Online Graduate On Campus\",\"publisher\":{\"@id\":\"https:\\\/\\\/www.unicaf.org\\\/#organization\"},\"potentialAction\":[{\"@type\":\"SearchAction\",\"target\":{\"@type\":\"EntryPoint\",\"urlTemplate\":\"https:\\\/\\\/www.unicaf.org\\\/?s={search_term_string}\"},\"query-input\":{\"@type\":\"PropertyValueSpecification\",\"valueRequired\":true,\"valueName\":\"search_term_string\"}}],\"inLanguage\":\"fr-FR\"},{\"@type\":\"Organization\",\"@id\":\"https:\\\/\\\/www.unicaf.org\\\/#organization\",\"name\":\"Unicaf\",\"url\":\"https:\\\/\\\/www.unicaf.org\\\/\",\"logo\":{\"@type\":\"ImageObject\",\"inLanguage\":\"fr-FR\",\"@id\":\"https:\\\/\\\/www.unicaf.org\\\/#\\\/schema\\\/logo\\\/image\\\/\",\"url\":\"https:\\\/\\\/cdn.unicaf.org\\\/websites\\\/unicaf\\\/wp-content\\\/uploads\\\/2021\\\/03\\\/Unicaf-logo.png\",\"contentUrl\":\"https:\\\/\\\/cdn.unicaf.org\\\/websites\\\/unicaf\\\/wp-content\\\/uploads\\\/2021\\\/03\\\/Unicaf-logo.png\",\"width\":270,\"height\":80,\"caption\":\"Unicaf\"},\"image\":{\"@id\":\"https:\\\/\\\/www.unicaf.org\\\/#\\\/schema\\\/logo\\\/image\\\/\"},\"sameAs\":[\"https:\\\/\\\/www.facebook.com\\\/UNICAF\",\"https:\\\/\\\/x.com\\\/Unicaforg\",\"https:\\\/\\\/www.instagram.com\\\/unicaf_online\",\"https:\\\/\\\/www.linkedin.com\\\/school\\\/5229637\\\/admin\\\/\",\"https:\\\/\\\/www.youtube.com\\\/c\\\/UnicafOrganization\",\"https:\\\/\\\/en.wikipedia.org\\\/wiki\\\/UNICAF\"]}]}<\/script>\n<!-- \/ Yoast SEO Premium plugin. -->","yoast_head_json":{"title":"\u00c9ducation Accessible Afrique - Unicaf","description":"Unicaf est une universit\u00e9 panafricaine ind\u00e9pendante offrant des dipl\u00f4mes de qualit\u00e9 internationale en ligne et en pr\u00e9sentiel, avec plus de 100 millions de dollars en bourses attribu\u00e9es.","robots":{"index":"index","follow":"follow","max-snippet":"max-snippet:-1","max-image-preview":"max-image-preview:large","max-video-preview":"max-video-preview:-1"},"canonical":"https:\/\/www.unicaf.org\/fr\/a-propos\/unicaf-about-us\/","og_locale":"fr_FR","og_type":"article","og_title":"Qui sommes-nous ?","og_description":"Unicaf est une universit\u00e9 panafricaine ind\u00e9pendante offrant des dipl\u00f4mes de qualit\u00e9 internationale en ligne et en pr\u00e9sentiel, avec plus de 100 millions de dollars en bourses attribu\u00e9es.","og_url":"https:\/\/www.unicaf.org\/fr\/a-propos\/unicaf-about-us\/","og_site_name":"Unicaf - Scholarship Programme","article_publisher":"https:\/\/www.facebook.com\/UNICAF","article_modified_time":"2026-04-20T10:59:44+00:00","og_image":[{"width":1400,"height":287,"url":"https:\/\/cdn.unicaf.org\/websites\/unicaf\/wp-content\/uploads-new\/2026\/04\/who-we-are-collage-1.jpg?X-Amz-Content-Sha256=UNSIGNED-PAYLOAD&X-Amz-Algorithm=AWS4-HMAC-SHA256&X-Amz-Credential=AKIA2IVWMY5JFWIZTY7Y%2F20260420%2Feu-west-1%2Fs3%2Faws4_request&X-Amz-Date=20260420T105945Z&X-Amz-SignedHeaders=host&X-Amz-Expires=600&X-Amz-Signature=ab13455cdda694afa2af50afff63d557cff85060b9855363d0618c145a8c9fda","type":"image\/jpeg"}],"twitter_card":"summary_large_image","twitter_site":"@Unicaforg","twitter_misc":{"Est. reading time":"3 minutes"},"schema":{"@context":"https:\/\/schema.org","@graph":[{"@type":"WebPage","@id":"https:\/\/www.unicaf.org\/fr\/a-propos\/unicaf-about-us\/","url":"https:\/\/www.unicaf.org\/fr\/a-propos\/unicaf-about-us\/","name":"\u00c9ducation Accessible Afrique - Unicaf","isPartOf":{"@id":"https:\/\/www.unicaf.org\/#website"},"primaryImageOfPage":{"@id":"https:\/\/www.unicaf.org\/fr\/a-propos\/unicaf-about-us\/#primaryimage"},"image":{"@id":"https:\/\/www.unicaf.org\/fr\/a-propos\/unicaf-about-us\/#primaryimage"},"thumbnailUrl":"https:\/\/cdn.unicaf.org\/websites\/unicaf\/wp-content\/uploads-new\/2026\/04\/who-we-are-collage-1.jpg","datePublished":"2020-09-10T13:07:07+00:00","dateModified":"2026-04-20T10:59:44+00:00","description":"Unicaf est une universit\u00e9 panafricaine ind\u00e9pendante offrant des dipl\u00f4mes de qualit\u00e9 internationale en ligne et en pr\u00e9sentiel, avec plus de 100 millions de dollars en bourses attribu\u00e9es.","breadcrumb":{"@id":"https:\/\/www.unicaf.org\/fr\/a-propos\/unicaf-about-us\/#breadcrumb"},"inLanguage":"fr-FR","potentialAction":[{"@type":"ReadAction","target":["https:\/\/www.unicaf.org\/fr\/a-propos\/unicaf-about-us\/"]}]},{"@type":"ImageObject","inLanguage":"fr-FR","@id":"https:\/\/www.unicaf.org\/fr\/a-propos\/unicaf-about-us\/#primaryimage","url":"https:\/\/cdn.unicaf.org\/websites\/unicaf\/wp-content\/uploads-new\/2026\/04\/who-we-are-collage-1.jpg","contentUrl":"https:\/\/cdn.unicaf.org\/websites\/unicaf\/wp-content\/uploads-new\/2026\/04\/who-we-are-collage-1.jpg","width":1400,"height":287,"caption":"Several photos from our students."},{"@type":"BreadcrumbList","@id":"https:\/\/www.unicaf.org\/fr\/a-propos\/unicaf-about-us\/#breadcrumb","itemListElement":[{"@type":"ListItem","position":1,"name":"\u00c0 propos","item":"https:\/\/www.unicaf.org\/fr\/a-propos\/"},{"@type":"ListItem","position":2,"name":"30"}]},{"@type":"WebSite","@id":"https:\/\/www.unicaf.org\/#website","url":"https:\/\/www.unicaf.org\/","name":"Unicaf - Scholarship Programme","description":"Study Online Graduate On Campus","publisher":{"@id":"https:\/\/www.unicaf.org\/#organization"},"potentialAction":[{"@type":"SearchAction","target":{"@type":"EntryPoint","urlTemplate":"https:\/\/www.unicaf.org\/?s={search_term_string}"},"query-input":{"@type":"PropertyValueSpecification","valueRequired":true,"valueName":"search_term_string"}}],"inLanguage":"fr-FR"},{"@type":"Organization","@id":"https:\/\/www.unicaf.org\/#organization","name":"Unicaf","url":"https:\/\/www.unicaf.org\/","logo":{"@type":"ImageObject","inLanguage":"fr-FR","@id":"https:\/\/www.unicaf.org\/#\/schema\/logo\/image\/","url":"https:\/\/cdn.unicaf.org\/websites\/unicaf\/wp-content\/uploads\/2021\/03\/Unicaf-logo.png","contentUrl":"https:\/\/cdn.unicaf.org\/websites\/unicaf\/wp-content\/uploads\/2021\/03\/Unicaf-logo.png","width":270,"height":80,"caption":"Unicaf"},"image":{"@id":"https:\/\/www.unicaf.org\/#\/schema\/logo\/image\/"},"sameAs":["https:\/\/www.facebook.com\/UNICAF","https:\/\/x.com\/Unicaforg","https:\/\/www.instagram.com\/unicaf_online","https:\/\/www.linkedin.com\/school\/5229637\/admin\/","https:\/\/www.youtube.com\/c\/UnicafOrganization","https:\/\/en.wikipedia.org\/wiki\/UNICAF"]}]}},"_links":{"self":[{"href":"https:\/\/www.unicaf.org\/fr\/wp-json\/wp\/v2\/pages\/11793","targetHints":{"allow":["GET"]}}],"collection":[{"href":"https:\/\/www.unicaf.org\/fr\/wp-json\/wp\/v2\/pages"}],"about":[{"href":"https:\/\/www.unicaf.org\/fr\/wp-json\/wp\/v2\/types\/page"}],"author":[{"embeddable":true,"href":"https:\/\/www.unicaf.org\/fr\/wp-json\/wp\/v2\/users\/5"}],"replies":[{"embeddable":true,"href":"https:\/\/www.unicaf.org\/fr\/wp-json\/wp\/v2\/comments?post=11793"}],"version-history":[{"count":34,"href":"https:\/\/www.unicaf.org\/fr\/wp-json\/wp\/v2\/pages\/11793\/revisions"}],"predecessor-version":[{"id":35316,"href":"https:\/\/www.unicaf.org\/fr\/wp-json\/wp\/v2\/pages\/11793\/revisions\/35316"}],"up":[{"embeddable":true,"href":"https:\/\/www.unicaf.org\/fr\/wp-json\/wp\/v2\/pages\/11784"}],"wp:featuredmedia":[{"embeddable":true,"href":"https:\/\/www.unicaf.org\/fr\/wp-json\/wp\/v2\/media\/35312"}],"wp:attachment":[{"href":"https:\/\/www.unicaf.org\/fr\/wp-json\/wp\/v2\/media?parent=11793"}],"curies":[{"name":"wp","href":"https:\/\/api.w.org\/{rel}","templated":true}]}}