{"id":11784,"date":"2020-09-10T08:12:38","date_gmt":"2020-09-10T08:12:38","guid":{"rendered":"https:\/\/www.unicaf.org\/about\/"},"modified":"2025-07-30T16:08:19","modified_gmt":"2025-07-30T13:08:19","slug":"a-propos","status":"publish","type":"page","link":"https:\/\/www.unicaf.org\/fr\/a-propos\/","title":{"rendered":"\u00c0 propos"},"content":{"rendered":"<div class=\"container\" id=\"title-subtitle-content\">\n    <h1 class=\"bold\"><\/h1>\n    <p class=\"subtitle semi-bold\"> <\/p>\n    <div class=\"wysiwyg-editor-body\">\n        \n    <\/div>\n    <\/div>\n\n\n    <div class=\"container-fluid\">\n        <div class=\"row l-gray-bg counters-cardbox-gray\">\n                            <div class=\"col-lg-4 counters-cardbox-gray-col px-0\">\n                    <div class=\"h-100 p-3 p-xl-4\">\n                        <div class=\"p-3 p-md-5 \">\n                            <div class=\"counters-cardbox-gray-num bold pink-txt mb-4\">\n                                                                    +<span class=\"count-number\" data-to=\"100\" data-speed=\"1000\"><\/span>M$\n                                                            <\/div>\n                            <p class=\"subtitle semi-bold\">de bourses d&#8217;\u00e9tudes d\u00e9ja attribu\u00e9es aux \u00e9tudiants \u00e9ligibles<\/p>\n                        <\/div>\n                    <\/div>\n                <\/div>\n                            <div class=\"col-lg-4 counters-cardbox-gray-col px-0\">\n                    <div class=\"h-100 p-3 p-xl-4\">\n                        <div class=\"p-3 p-md-5 \">\n                            <div class=\"counters-cardbox-gray-num bold pink-txt mb-4\">\n                                                                    <span class=\"count-number\" data-to=\"50\" data-speed=\"1000\"><\/span> 000\n                                                            <\/div>\n                            <p class=\"subtitle semi-bold\">\u00e9tudiants dans le monde<\/p>\n                        <\/div>\n                    <\/div>\n                <\/div>\n                            <div class=\"col-lg-4 counters-cardbox-gray-col px-0\">\n                    <div class=\"h-100 p-3 p-xl-4\">\n                        <div class=\"p-3 p-md-5 \">\n                            <div class=\"counters-cardbox-gray-num bold pink-txt mb-4\">\n                                                                    <span>12<\/span>\n                                                            <\/div>\n                            <p class=\"subtitle semi-bold\">campus et centres de soutien<\/p>\n                        <\/div>\n                    <\/div>\n                <\/div>\n                    <\/div>\n    <\/div>\n\n\n<section class=\"full-width-video white-txt pb-0 jarallax\" data-jarallax data-speed=\"0.75\">\n        <img decoding=\"async\" src=\"\" alt=\"Hero\" class=\"jarallax-img opacity-30\">\n    <div class=\"container min-vh-40 d-flex flex-column justify-content-center\">\n        <div class=\"row justify-content-center text-center text-sm-left\">\n            <div class=\"col d-flex flex-column flex-sm-row justify-content-center align-items-center\">\n                <a href=\"\" data-video-id=\"\"\n                   class=\"videobox\" onclick=\"event.preventDefault();return play_video_in_modal(this);\">\n                    <img decoding=\"async\" src=\"https:\/\/www.unicaf.org\/wp-content\/themes\/unicaf_twig\/theme\/assets\/img\/play-button.png\" alt=\"Media Play Icon\" class=\"play-button\">\n                <\/a>\n                <div class=\"container\">\n                    <h2 class=\"text-upon-poster white-txt bold\">\n                        Une opportunit\u00e9 qui change la vie\n                    <\/h2>\n                <\/div>\n            <\/div>\n        <\/div>\n    <\/div>\n    <\/section>\n\n<div class=\"container-fluid pages-summary py-5 px-0 pink-bg\">\n    <div class=\"container\">\n        <div class=\"row\">\n                            <div class=\"col-md-4 mb-4 mb-md-0\">\n                    <div class=\"card page-summary-cardbox card-transition-in-out\">\n                        <div>\n                                                            <img class=\"page-summary-cardbox-img lozad\" data-src=\"https:\/\/www.unicaf.org\/wp-content\/uploads\/external\/221fc163c364f5a264bc22ba7faa5a4e-390x250-c-default.png\" alt=\"\">\n                                                    <\/div>\n                        <div class=\"card-body page-summary-body\">\n                            <h3 class=\"page-summary-cardbox-title bold black-txt mb-2\">\n                                Qui sommes-nous ?\n                            <\/h3>\n                            <p class=\"page-summary-cardbox-text p2-size black-txt\"><\/p>\n                            <div class=\"pt-4\">\n                                <a href=\"https:\/\/www.unicaf.org\/fr\/a-propos\/unicaf-about-us\/\" class=\"left-pink-rounded-icon-link-btn h5-size bold stretched-link\"> D\u00e9couvrez Unicaf<\/a>\n                            <\/div>\n                        <\/div>\n                    <\/div>\n                <\/div>\n                            <div class=\"col-md-4 mb-4 mb-md-0\">\n                    <div class=\"card page-summary-cardbox card-transition-in-out\">\n                        <div>\n                                                            <img class=\"page-summary-cardbox-img lozad\" data-src=\"https:\/\/www.unicaf.org\/wp-content\/uploads\/external\/5bb227cf70c2f14c3ee1d2aa7bfd8032-390x250-c-default.jpg\" alt=\"Unicaf Research and Innovation Centre in Zambia wallpaper\">\n                                                    <\/div>\n                        <div class=\"card-body page-summary-body\">\n                            <h3 class=\"page-summary-cardbox-title bold black-txt mb-2\">\n                                Bourses d&#8217;\u00e9tudes\n                            <\/h3>\n                            <p class=\"page-summary-cardbox-text p2-size black-txt\"><\/p>\n                            <div class=\"pt-4\">\n                                <a href=\"https:\/\/www.unicaf.org\/fr\/scholarships\/\" class=\"left-pink-rounded-icon-link-btn h5-size bold stretched-link\"> Postulez pour une bourse d&#8217;\u00e9tudes<\/a>\n                            <\/div>\n                        <\/div>\n                    <\/div>\n                <\/div>\n                            <div class=\"col-md-4 mb-4 mb-md-0\">\n                    <div class=\"card page-summary-cardbox card-transition-in-out\">\n                        <div>\n                                                            <img class=\"page-summary-cardbox-img lozad\" data-src=\"https:\/\/www.unicaf.org\/wp-content\/uploads\/external\/0623cd9b4e5eb0aeb301edbbbc6a0f22-390x250-c-default.png\" alt=\"\">\n                                                    <\/div>\n                        <div class=\"card-body page-summary-body\">\n                            <h3 class=\"page-summary-cardbox-title bold black-txt mb-2\">\n                                Management\n                            <\/h3>\n                            <p class=\"page-summary-cardbox-text p2-size black-txt\"><\/p>\n                            <div class=\"pt-4\">\n                                <a href=\"https:\/\/www.unicaf.org\/fr\/a-propos\/management\/\" class=\"left-pink-rounded-icon-link-btn h5-size bold stretched-link\"> Rencontrez nos responsables<\/a>\n                            <\/div>\n                        <\/div>\n                    <\/div>\n                <\/div>\n                    <\/div>\n    <\/div>\n<\/div>","protected":false},"excerpt":{"rendered":"","protected":false},"author":5,"featured_media":11008,"parent":0,"menu_order":45,"comment_status":"closed","ping_status":"closed","template":"page-with-header-and-form.php","meta":{"_acf_changed":false,"footnotes":""},"class_list":["post-11784","page","type-page","status-publish","has-post-thumbnail","hentry"],"acf":[],"yoast_head":"<!-- This site is optimized with the Yoast SEO Premium plugin v27.3 (Yoast SEO v27.3) - https:\/\/yoast.com\/product\/yoast-seo-premium-wordpress\/ -->\n<title>Unicaf - Scholarships For Recognised University Degrees<\/title>\n<meta name=\"description\" content=\"Unicaf est une universit\u00e9 pan-africaine ind\u00e9pendante offrant des dipl\u00f4mes de qualit\u00e9 internationale gr\u00e2ce \u00e0 son programme de bourses d\u2019\u00e9tudes.\" \/>\n<meta name=\"robots\" content=\"index, follow, max-snippet:-1, max-image-preview:large, max-video-preview:-1\" \/>\n<link rel=\"canonical\" href=\"https:\/\/www.unicaf.org\/fr\/a-propos\/\" \/>\n<meta property=\"og:locale\" content=\"fr_FR\" \/>\n<meta property=\"og:type\" content=\"article\" \/>\n<meta property=\"og:title\" content=\"\u00c0 propos\" \/>\n<meta property=\"og:description\" content=\"Unicaf est une universit\u00e9 pan-africaine ind\u00e9pendante offrant des dipl\u00f4mes de qualit\u00e9 internationale gr\u00e2ce \u00e0 son programme de bourses d\u2019\u00e9tudes.\" \/>\n<meta property=\"og:url\" content=\"https:\/\/www.unicaf.org\/fr\/a-propos\/\" \/>\n<meta property=\"og:site_name\" content=\"Unicaf - Scholarship Programme\" \/>\n<meta property=\"article:publisher\" content=\"https:\/\/www.facebook.com\/UNICAF\" \/>\n<meta property=\"article:modified_time\" content=\"2025-07-30T13:08:19+00:00\" \/>\n<meta property=\"og:image\" content=\"https:\/\/cdn.unicaf.org\/websites\/unicaf\/wp-content\/uploads\/2021\/07\/about.jpg\" \/>\n\t<meta property=\"og:image:width\" content=\"1920\" \/>\n\t<meta property=\"og:image:height\" content=\"1080\" \/>\n\t<meta property=\"og:image:type\" content=\"image\/jpeg\" \/>\n<meta name=\"twitter:card\" content=\"summary_large_image\" \/>\n<meta name=\"twitter:site\" content=\"@Unicaforg\" \/>\n<meta name=\"twitter:label1\" content=\"Est. reading time\" \/>\n\t<meta name=\"twitter:data1\" content=\"2 minutes\" \/>\n<script type=\"application\/ld+json\" class=\"yoast-schema-graph\">{\"@context\":\"https:\\\/\\\/schema.org\",\"@graph\":[{\"@type\":\"WebPage\",\"@id\":\"https:\\\/\\\/www.unicaf.org\\\/fr\\\/a-propos\\\/\",\"url\":\"https:\\\/\\\/www.unicaf.org\\\/fr\\\/a-propos\\\/\",\"name\":\"Unicaf - Scholarships For Recognised University Degrees\",\"isPartOf\":{\"@id\":\"https:\\\/\\\/www.unicaf.org\\\/#website\"},\"primaryImageOfPage\":{\"@id\":\"https:\\\/\\\/www.unicaf.org\\\/fr\\\/a-propos\\\/#primaryimage\"},\"image\":{\"@id\":\"https:\\\/\\\/www.unicaf.org\\\/fr\\\/a-propos\\\/#primaryimage\"},\"thumbnailUrl\":\"https:\\\/\\\/cdn.unicaf.org\\\/websites\\\/unicaf\\\/wp-content\\\/uploads\\\/2021\\\/07\\\/about.jpg\",\"datePublished\":\"2020-09-10T08:12:38+00:00\",\"dateModified\":\"2025-07-30T13:08:19+00:00\",\"description\":\"Unicaf est une universit\u00e9 pan-africaine ind\u00e9pendante offrant des dipl\u00f4mes de qualit\u00e9 internationale gr\u00e2ce \u00e0 son programme de bourses d\u2019\u00e9tudes.\",\"inLanguage\":\"fr-FR\",\"potentialAction\":[{\"@type\":\"ReadAction\",\"target\":[\"https:\\\/\\\/www.unicaf.org\\\/fr\\\/a-propos\\\/\"]}]},{\"@type\":\"ImageObject\",\"inLanguage\":\"fr-FR\",\"@id\":\"https:\\\/\\\/www.unicaf.org\\\/fr\\\/a-propos\\\/#primaryimage\",\"url\":\"https:\\\/\\\/cdn.unicaf.org\\\/websites\\\/unicaf\\\/wp-content\\\/uploads\\\/2021\\\/07\\\/about.jpg\",\"contentUrl\":\"https:\\\/\\\/cdn.unicaf.org\\\/websites\\\/unicaf\\\/wp-content\\\/uploads\\\/2021\\\/07\\\/about.jpg\",\"width\":1920,\"height\":1080,\"caption\":\"degrees\"},{\"@type\":\"WebSite\",\"@id\":\"https:\\\/\\\/www.unicaf.org\\\/#website\",\"url\":\"https:\\\/\\\/www.unicaf.org\\\/\",\"name\":\"Unicaf - Scholarship Programme\",\"description\":\"Study Online Graduate On Campus\",\"publisher\":{\"@id\":\"https:\\\/\\\/www.unicaf.org\\\/#organization\"},\"potentialAction\":[{\"@type\":\"SearchAction\",\"target\":{\"@type\":\"EntryPoint\",\"urlTemplate\":\"https:\\\/\\\/www.unicaf.org\\\/?s={search_term_string}\"},\"query-input\":{\"@type\":\"PropertyValueSpecification\",\"valueRequired\":true,\"valueName\":\"search_term_string\"}}],\"inLanguage\":\"fr-FR\"},{\"@type\":\"Organization\",\"@id\":\"https:\\\/\\\/www.unicaf.org\\\/#organization\",\"name\":\"Unicaf\",\"url\":\"https:\\\/\\\/www.unicaf.org\\\/\",\"logo\":{\"@type\":\"ImageObject\",\"inLanguage\":\"fr-FR\",\"@id\":\"https:\\\/\\\/www.unicaf.org\\\/#\\\/schema\\\/logo\\\/image\\\/\",\"url\":\"https:\\\/\\\/cdn.unicaf.org\\\/websites\\\/unicaf\\\/wp-content\\\/uploads\\\/2021\\\/03\\\/Unicaf-logo.png\",\"contentUrl\":\"https:\\\/\\\/cdn.unicaf.org\\\/websites\\\/unicaf\\\/wp-content\\\/uploads\\\/2021\\\/03\\\/Unicaf-logo.png\",\"width\":270,\"height\":80,\"caption\":\"Unicaf\"},\"image\":{\"@id\":\"https:\\\/\\\/www.unicaf.org\\\/#\\\/schema\\\/logo\\\/image\\\/\"},\"sameAs\":[\"https:\\\/\\\/www.facebook.com\\\/UNICAF\",\"https:\\\/\\\/x.com\\\/Unicaforg\",\"https:\\\/\\\/www.instagram.com\\\/unicaf_online\",\"https:\\\/\\\/www.linkedin.com\\\/school\\\/5229637\\\/admin\\\/\",\"https:\\\/\\\/www.youtube.com\\\/c\\\/UnicafOrganization\",\"https:\\\/\\\/en.wikipedia.org\\\/wiki\\\/UNICAF\"]}]}<\/script>\n<!-- \/ Yoast SEO Premium plugin. -->","yoast_head_json":{"title":"Unicaf - Scholarships For Recognised University Degrees","description":"Unicaf est une universit\u00e9 pan-africaine ind\u00e9pendante offrant des dipl\u00f4mes de qualit\u00e9 internationale gr\u00e2ce \u00e0 son programme de bourses d\u2019\u00e9tudes.","robots":{"index":"index","follow":"follow","max-snippet":"max-snippet:-1","max-image-preview":"max-image-preview:large","max-video-preview":"max-video-preview:-1"},"canonical":"https:\/\/www.unicaf.org\/fr\/a-propos\/","og_locale":"fr_FR","og_type":"article","og_title":"\u00c0 propos","og_description":"Unicaf est une universit\u00e9 pan-africaine ind\u00e9pendante offrant des dipl\u00f4mes de qualit\u00e9 internationale gr\u00e2ce \u00e0 son programme de bourses d\u2019\u00e9tudes.","og_url":"https:\/\/www.unicaf.org\/fr\/a-propos\/","og_site_name":"Unicaf - Scholarship Programme","article_publisher":"https:\/\/www.facebook.com\/UNICAF","article_modified_time":"2025-07-30T13:08:19+00:00","og_image":[{"width":1920,"height":1080,"url":"https:\/\/cdn.unicaf.org\/websites\/unicaf\/wp-content\/uploads\/2021\/07\/about.jpg","type":"image\/jpeg"}],"twitter_card":"summary_large_image","twitter_site":"@Unicaforg","twitter_misc":{"Est. reading time":"2 minutes"},"schema":{"@context":"https:\/\/schema.org","@graph":[{"@type":"WebPage","@id":"https:\/\/www.unicaf.org\/fr\/a-propos\/","url":"https:\/\/www.unicaf.org\/fr\/a-propos\/","name":"Unicaf - Scholarships For Recognised University Degrees","isPartOf":{"@id":"https:\/\/www.unicaf.org\/#website"},"primaryImageOfPage":{"@id":"https:\/\/www.unicaf.org\/fr\/a-propos\/#primaryimage"},"image":{"@id":"https:\/\/www.unicaf.org\/fr\/a-propos\/#primaryimage"},"thumbnailUrl":"https:\/\/cdn.unicaf.org\/websites\/unicaf\/wp-content\/uploads\/2021\/07\/about.jpg","datePublished":"2020-09-10T08:12:38+00:00","dateModified":"2025-07-30T13:08:19+00:00","description":"Unicaf est une universit\u00e9 pan-africaine ind\u00e9pendante offrant des dipl\u00f4mes de qualit\u00e9 internationale gr\u00e2ce \u00e0 son programme de bourses d\u2019\u00e9tudes.","inLanguage":"fr-FR","potentialAction":[{"@type":"ReadAction","target":["https:\/\/www.unicaf.org\/fr\/a-propos\/"]}]},{"@type":"ImageObject","inLanguage":"fr-FR","@id":"https:\/\/www.unicaf.org\/fr\/a-propos\/#primaryimage","url":"https:\/\/cdn.unicaf.org\/websites\/unicaf\/wp-content\/uploads\/2021\/07\/about.jpg","contentUrl":"https:\/\/cdn.unicaf.org\/websites\/unicaf\/wp-content\/uploads\/2021\/07\/about.jpg","width":1920,"height":1080,"caption":"degrees"},{"@type":"WebSite","@id":"https:\/\/www.unicaf.org\/#website","url":"https:\/\/www.unicaf.org\/","name":"Unicaf - Scholarship Programme","description":"Study Online Graduate On Campus","publisher":{"@id":"https:\/\/www.unicaf.org\/#organization"},"potentialAction":[{"@type":"SearchAction","target":{"@type":"EntryPoint","urlTemplate":"https:\/\/www.unicaf.org\/?s={search_term_string}"},"query-input":{"@type":"PropertyValueSpecification","valueRequired":true,"valueName":"search_term_string"}}],"inLanguage":"fr-FR"},{"@type":"Organization","@id":"https:\/\/www.unicaf.org\/#organization","name":"Unicaf","url":"https:\/\/www.unicaf.org\/","logo":{"@type":"ImageObject","inLanguage":"fr-FR","@id":"https:\/\/www.unicaf.org\/#\/schema\/logo\/image\/","url":"https:\/\/cdn.unicaf.org\/websites\/unicaf\/wp-content\/uploads\/2021\/03\/Unicaf-logo.png","contentUrl":"https:\/\/cdn.unicaf.org\/websites\/unicaf\/wp-content\/uploads\/2021\/03\/Unicaf-logo.png","width":270,"height":80,"caption":"Unicaf"},"image":{"@id":"https:\/\/www.unicaf.org\/#\/schema\/logo\/image\/"},"sameAs":["https:\/\/www.facebook.com\/UNICAF","https:\/\/x.com\/Unicaforg","https:\/\/www.instagram.com\/unicaf_online","https:\/\/www.linkedin.com\/school\/5229637\/admin\/","https:\/\/www.youtube.com\/c\/UnicafOrganization","https:\/\/en.wikipedia.org\/wiki\/UNICAF"]}]}},"_links":{"self":[{"href":"https:\/\/www.unicaf.org\/fr\/wp-json\/wp\/v2\/pages\/11784","targetHints":{"allow":["GET"]}}],"collection":[{"href":"https:\/\/www.unicaf.org\/fr\/wp-json\/wp\/v2\/pages"}],"about":[{"href":"https:\/\/www.unicaf.org\/fr\/wp-json\/wp\/v2\/types\/page"}],"author":[{"embeddable":true,"href":"https:\/\/www.unicaf.org\/fr\/wp-json\/wp\/v2\/users\/5"}],"replies":[{"embeddable":true,"href":"https:\/\/www.unicaf.org\/fr\/wp-json\/wp\/v2\/comments?post=11784"}],"version-history":[{"count":36,"href":"https:\/\/www.unicaf.org\/fr\/wp-json\/wp\/v2\/pages\/11784\/revisions"}],"predecessor-version":[{"id":33389,"href":"https:\/\/www.unicaf.org\/fr\/wp-json\/wp\/v2\/pages\/11784\/revisions\/33389"}],"wp:featuredmedia":[{"embeddable":true,"href":"https:\/\/www.unicaf.org\/fr\/wp-json\/wp\/v2\/media\/11008"}],"wp:attachment":[{"href":"https:\/\/www.unicaf.org\/fr\/wp-json\/wp\/v2\/media?parent=11784"}],"curies":[{"name":"wp","href":"https:\/\/api.w.org\/{rel}","templated":true}]}}